{"id":567,"date":"2014-03-14T15:03:39","date_gmt":"2014-03-14T15:03:39","guid":{"rendered":"http:\/\/rafalgolab.nazwa.pl\/freszgallery\/?post_type=product&#038;p=567"},"modified":"2021-04-08T23:48:57","modified_gmt":"2021-04-08T22:48:57","slug":"tygrys-z-upolowana-malpa","status":"publish","type":"product","link":"https:\/\/freszgallery.pl\/en\/produkt\/tygrys-z-upolowana-malpa\/","title":{"rendered":"A tiger with a caught monkey"},"content":{"rendered":"<p>author:&nbsp;Szymon Szelc<\/p>\n<p>title: &#8220;A tiger with a caught monkey&#8221; (&#8220;Tygrys z upolowan\u0105 ma\u0142p\u0105&#8221;)<\/p>\n<p>technique: acrylic on yellow polyester<\/p>\n<p>year: 2013<\/p>\n<p>catalogue:&nbsp;2013\/0024<\/p>\n<p>Painting exhibited at &#8220;Jungle. Night creatures&#8221; (\u201cJungla. Nocne stwory\u201d) show at our gellery (April &#8211; May 2015)<\/p>\n","protected":false},"excerpt":{"rendered":"<p>author:&nbsp;Szymon Szelc title: &#8220;A tiger with a caught monkey&#8221; (&#8220;Tygrys z upolowan\u0105 ma\u0142p\u0105&#8221;) technique: acrylic on yellow polyester year: 2013 catalogue:&nbsp;2013\/0024 Painting exhibited at &#8220;Jungle. Night creatures&#8221; (\u201cJungla. Nocne stwory\u201d) show at our gellery (April &#8211; May 2015)<\/p>\n","protected":false},"featured_media":356,"comment_status":"closed","ping_status":"closed","template":"","meta":[],"aioseo_notices":[],"_links":{"self":[{"href":"https:\/\/freszgallery.pl\/en\/wp-json\/wp\/v2\/product\/567"}],"collection":[{"href":"https:\/\/freszgallery.pl\/en\/wp-json\/wp\/v2\/product"}],"about":[{"href":"https:\/\/freszgallery.pl\/en\/wp-json\/wp\/v2\/types\/product"}],"replies":[{"embeddable":true,"href":"https:\/\/freszgallery.pl\/en\/wp-json\/wp\/v2\/comments?post=567"}],"wp:featuredmedia":[{"embeddable":true,"href":"https:\/\/freszgallery.pl\/en\/wp-json\/wp\/v2\/media\/356"}],"wp:attachment":[{"href":"https:\/\/freszgallery.pl\/en\/wp-json\/wp\/v2\/media?parent=567"}],"curies":[{"name":"wp","href":"https:\/\/api.w.org\/{rel}","templated":true}]}}