{"id":3215,"date":"2018-05-24T11:32:35","date_gmt":"2018-05-24T11:32:35","guid":{"rendered":"http:\/\/freszgallery.pl\/en\/?post_type=product&#038;p=3215"},"modified":"2020-05-29T11:55:48","modified_gmt":"2020-05-29T10:55:48","slug":"swietokrzyska","status":"publish","type":"product","link":"https:\/\/freszgallery.pl\/en\/produkt\/swietokrzyska\/","title":{"rendered":"\u015awi\u0119tokrzyska"},"content":{"rendered":"<p>author: Marcel Wojdy\u0142o<\/p>\n<p>title: \u201e\u015awi\u0119tokrzyska\u201d<\/p>\n<p>technique: screen print on paper<\/p>\n<p>copy 3 of 5<\/p>\n<p>dimensions: 50 x 70 cm<\/p>\n<p>year: 2017<\/p>\n<p>catalogue no: 2018\/065<\/p>\n","protected":false},"excerpt":{"rendered":"<p>author: Marcel Wojdy\u0142o title: \u201e\u015awi\u0119tokrzyska\u201d technique: screen print on paper copy 3 of 5 dimensions: 50 x 70 cm year: 2017 catalogue no: 2018\/065<\/p>\n","protected":false},"featured_media":3209,"comment_status":"closed","ping_status":"closed","template":"","meta":[],"aioseo_notices":[],"_links":{"self":[{"href":"https:\/\/freszgallery.pl\/en\/wp-json\/wp\/v2\/product\/3215"}],"collection":[{"href":"https:\/\/freszgallery.pl\/en\/wp-json\/wp\/v2\/product"}],"about":[{"href":"https:\/\/freszgallery.pl\/en\/wp-json\/wp\/v2\/types\/product"}],"replies":[{"embeddable":true,"href":"https:\/\/freszgallery.pl\/en\/wp-json\/wp\/v2\/comments?post=3215"}],"wp:featuredmedia":[{"embeddable":true,"href":"https:\/\/freszgallery.pl\/en\/wp-json\/wp\/v2\/media\/3209"}],"wp:attachment":[{"href":"https:\/\/freszgallery.pl\/en\/wp-json\/wp\/v2\/media?parent=3215"}],"curies":[{"name":"wp","href":"https:\/\/api.w.org\/{rel}","templated":true}]}}