{"id":2234,"date":"2016-06-16T21:30:52","date_gmt":"2016-06-16T21:30:52","guid":{"rendered":"http:\/\/freszgallery.pl\/?post_type=product&#038;p=2234"},"modified":"2021-09-20T12:12:51","modified_gmt":"2021-09-20T11:12:51","slug":"twin-peaks","status":"publish","type":"product","link":"https:\/\/freszgallery.pl\/en\/produkt\/twin-peaks\/","title":{"rendered":"Twin Peaks"},"content":{"rendered":"<p>autor: Gerard Carruthers<\/p>\n<p>tytu\u0142: &#8220;Twin Peaks&#8221;<\/p>\n<p>technika: wydruk autorski na p\u0142\u00f3tnie + akryl + flamaster, sygnowany<\/p>\n<p>Jest to jedyny egzemplarz (gwarancja od artysty)<\/p>\n<p>rok: 2015<\/p>\n<p>nr katalogowy: 2016\/0045<\/p>\n","protected":false},"excerpt":{"rendered":"<p>autor: Gerard Carruthers tytu\u0142: &#8220;Twin Peaks&#8221; technika: wydruk autorski na p\u0142\u00f3tnie + akryl + flamaster, sygnowany Jest to jedyny egzemplarz (gwarancja od artysty) rok: 2015 nr katalogowy: 2016\/0045<\/p>\n","protected":false},"featured_media":2237,"comment_status":"closed","ping_status":"closed","template":"","meta":[],"aioseo_notices":[],"_links":{"self":[{"href":"https:\/\/freszgallery.pl\/en\/wp-json\/wp\/v2\/product\/2234"}],"collection":[{"href":"https:\/\/freszgallery.pl\/en\/wp-json\/wp\/v2\/product"}],"about":[{"href":"https:\/\/freszgallery.pl\/en\/wp-json\/wp\/v2\/types\/product"}],"replies":[{"embeddable":true,"href":"https:\/\/freszgallery.pl\/en\/wp-json\/wp\/v2\/comments?post=2234"}],"wp:featuredmedia":[{"embeddable":true,"href":"https:\/\/freszgallery.pl\/en\/wp-json\/wp\/v2\/media\/2237"}],"wp:attachment":[{"href":"https:\/\/freszgallery.pl\/en\/wp-json\/wp\/v2\/media?parent=2234"}],"curies":[{"name":"wp","href":"https:\/\/api.w.org\/{rel}","templated":true}]}}