{"id":46,"date":"2013-12-13T18:40:15","date_gmt":"2013-12-13T18:40:15","guid":{"rendered":"http:\/\/rafalgolab.nazwa.pl\/freszgallery\/?page_id=46"},"modified":"2016-11-27T09:22:51","modified_gmt":"2016-11-27T09:22:51","slug":"moje-konto","status":"publish","type":"page","link":"https:\/\/freszgallery.pl\/en\/moje-konto\/","title":{"rendered":"Moje konto"},"content":{"rendered":"<div class=\"woocommerce\">\n\n\n\n<div class=\"gbtr_login_register_wrapper\">\n                    \n    <div class=\"gbtr_login_register_slider\">    \n              \n\t\t<div class='gbtr_login_register_slide_1'>\n\n            <h2>Logowanie<\/h2>\n    \n            <form method=\"post\" class=\"login\">\n    \n                    \n                <p class=\"form-row form-row-wide\">\n                    <label for=\"username\">Nazwa u\u017cytkownika lub adres email <span class=\"required\">*<\/span><\/label>\n                    <input type=\"text\" class=\"input-text\" name=\"username\" id=\"username\" \/>\n                <\/p>\n                <p class=\"form-row form-row-wide\">\n                    <label for=\"password\">Has\u0142o <span class=\"required\">*<\/span><\/label>\n                    <input class=\"input-text\" type=\"password\" name=\"password\" id=\"password\" \/>\n                <\/p>\n    \n                    \n                <p class=\"form-row\">\n                    <input type=\"hidden\" id=\"_wpnonce\" name=\"_wpnonce\" value=\"72edd20a26\" \/><input type=\"hidden\" name=\"_wp_http_referer\" value=\"\/en\/wp-json\/wp\/v2\/pages\/46\" \/>                    <input type=\"submit\" class=\"button\" name=\"login\" value=\"Logowanie\" \/> \n                    <label for=\"rememberme\" class=\"inline gbtr_rememberme\">\n                        <input name=\"rememberme\" type=\"checkbox\" id=\"rememberme\" value=\"forever\" \/> Pami\u0119taj mnie                    <\/label>\n                <\/p>\n                <p class=\"lost_password\">\n                    <a href=\"https:\/\/freszgallery.pl\/en\/moje-konto\/lost-password\/\">Zapomnia\u0142e\u015b has\u0142o?<\/a>\n                <\/p>\n    \n                    \n            <\/form>\n        \n        <\/div>\n\n\t\t    \n        <div class='gbtr_login_register_slide_2'>\n\n            <h2>Rejestruj<\/h2>\n    \n            <form method=\"post\" class=\"register\">\n    \n                    \n                    \n                    <p class=\"form-row form-row-wide\">\n                        <label for=\"reg_username\">Nazwa u\u017cytkownika <span class=\"required\">*<\/span><\/label>\n                        <input type=\"text\" class=\"input-text\" name=\"username\" id=\"reg_username\" value=\"\" \/>\n                    <\/p>\n    \n                    \n                <p class=\"form-row form-row-wide\">\n                    <label for=\"reg_email\">Email adres <span class=\"required\">*<\/span><\/label>\n                    <input type=\"email\" class=\"input-text\" name=\"email\" id=\"reg_email\" value=\"\" \/>\n                <\/p>\n    \n                <p class=\"form-row form-row-wide\">\n                    <label for=\"reg_password\">Has\u0142o <span class=\"required\">*<\/span><\/label>\n                    <input type=\"password\" class=\"input-text\" name=\"password\" id=\"reg_password\" value=\"\" \/>\n                <\/p>\n    \n                <!-- Spam Trap -->\n                <div style=\"left:-999em; position:absolute;\"><label for=\"trap\">Anti-spam<\/label><input type=\"text\" name=\"email_2\" id=\"trap\" tabindex=\"-1\" \/><\/div>\n    \n                                <!-- MailChimp for WordPress v2.3.17 - https:\/\/mc4wp.com\/ --><p id=\"mc4wp-checkbox\" class=\"mc4wp-checkbox-registration_form\"><label><input type=\"checkbox\" name=\"_mc4wp_subscribe_registration_form\" value=\"1\" checked \/> Sing up for newsletter!<\/label><\/p><div style=\"display: none;\"><input type=\"text\" name=\"_mc4wp_required_but_not_really\" value=\"\" tabindex=\"-1\" autocomplete=\"off\" \/><\/div><!-- \/ MailChimp for WordPress -->\t\t<label for=\"terms\" class=\"checkbox\">Rejestruj\u0105c si\u0119 akceptujesz nasze <a href=\"http:\/\/freszgallery.pl\/regulamin\/\" target=\"_blank\">warunki i zasady<\/a>.<\/label>\n                <p class=\"form-row\">\n                    <input type=\"hidden\" id=\"register\" name=\"register\" value=\"87e00269d8\" \/><input type=\"hidden\" name=\"_wp_http_referer\" value=\"\/en\/wp-json\/wp\/v2\/pages\/46\" \/>                    <input type=\"submit\" class=\"button\" name=\"register\" value=\"Rejestruj\" \/>\n                <\/p>\n    \n                    \n            <\/form>\n        \n        <\/div>\n        \n        \n\t<\/div>\n\n<\/div>\n\n<div class=\"gbtr_login_register_switch\">\n    <div class=\"gbtr_login_register_label_slider\">\n        <div class=\"gbtr_login_register_reg\">\n        \t<h2>Rejestruj<\/h2>\n            <h3>Zak\u0142adanie konta<\/h3>\r\n<p>\r\n<\/p>            <input type=\"submit\" class=\"button\" name=\"create_account\" value=\"Rejestruj\">\n        <\/div>\n        <div class=\"gbtr_login_register_log\">\n        \t<h2>Jestem powracaj\u0105cym klientem<\/h2>\n            <h3>Zaloguj si\u0119<\/h3>\r\n<p>\r\nJe\u017celi ju\u017c posiadasz w naszej galerii<br>\r\nmo\u017cesz si\u0119 zalogowa\u0107 by przejrze\u0107 <br>\r\nnp. stan swojego zam\u00f3wienia.\r\n<\/p>            <input type=\"submit\" class=\"button\" name=\"create_account\" value=\"Logowanie\">\n        <\/div>\n    <\/div>\n<\/div>\n\n<div class=\"clr\"><\/div>\n\n\n<\/div>\n","protected":false},"excerpt":{"rendered":"","protected":false},"author":6445,"featured_media":0,"parent":0,"menu_order":0,"comment_status":"open","ping_status":"open","template":"","meta":[],"aioseo_notices":[],"_links":{"self":[{"href":"https:\/\/freszgallery.pl\/en\/wp-json\/wp\/v2\/pages\/46"}],"collection":[{"href":"https:\/\/freszgallery.pl\/en\/wp-json\/wp\/v2\/pages"}],"about":[{"href":"https:\/\/freszgallery.pl\/en\/wp-json\/wp\/v2\/types\/page"}],"author":[{"embeddable":true,"href":"https:\/\/freszgallery.pl\/en\/wp-json\/wp\/v2\/users\/6445"}],"replies":[{"embeddable":true,"href":"https:\/\/freszgallery.pl\/en\/wp-json\/wp\/v2\/comments?post=46"}],"version-history":[{"count":1,"href":"https:\/\/freszgallery.pl\/en\/wp-json\/wp\/v2\/pages\/46\/revisions"}],"predecessor-version":[{"id":2576,"href":"https:\/\/freszgallery.pl\/en\/wp-json\/wp\/v2\/pages\/46\/revisions\/2576"}],"wp:attachment":[{"href":"https:\/\/freszgallery.pl\/en\/wp-json\/wp\/v2\/media?parent=46"}],"curies":[{"name":"wp","href":"https:\/\/api.w.org\/{rel}","templated":true}]}}