{"id":38,"date":"2013-12-13T18:34:14","date_gmt":"2013-12-13T18:34:14","guid":{"rendered":"http:\/\/rafalgolab.nazwa.pl\/freszgallery\/?page_id=38"},"modified":"2016-11-27T09:36:06","modified_gmt":"2016-11-27T09:36:06","slug":"jak-kupowac","status":"publish","type":"page","link":"https:\/\/freszgallery.pl\/en\/jak-kupowac\/","title":{"rendered":"How to buy"},"content":{"rendered":"<div class=\"content_grid_2\"><\/p>\n<p><img loading=\"lazy\" class=\"alignnone wp-image-815 size-large\" src=\"http:\/\/freszgallery.pl\/wp-content\/uploads\/2013\/12\/jak-kupowac-lista-144x1024.png\" alt=\"jak-kupowac-lista\" width=\"144\" height=\"1024\" srcset=\"https:\/\/freszgallery.pl\/en\/wp-content\/uploads\/2013\/12\/jak-kupowac-lista-144x1024.png 144w, https:\/\/freszgallery.pl\/en\/wp-content\/uploads\/2013\/12\/jak-kupowac-lista-42x300.png 42w, https:\/\/freszgallery.pl\/en\/wp-content\/uploads\/2013\/12\/jak-kupowac-lista-42x300@2x.png 84w\" sizes=\"(max-width: 144px) 100vw, 144px\" \/><\/p>\n<p><\/div>\n<div>\n<p>1) \u00a0 \u00a0Find our offer in GALLERY-SHOP section of the website \u2013 pick and choose between different options using filters and tags. Start with defining your price limit.<\/p>\n<p>2) \u00a0 Once you have chosen an object ADD it TO YOUR CART.<\/p>\n<p>3) \u00a0 Continue shopping or go to YOUR CART.<\/p>\n<p>4) \u00a0 Log in our continue shopping as a Guest.<\/p>\n<p>5) \u00a0 Fill in your personal data and address information.<\/p>\n<p>6) \u00a0 Add special requests to your order\/shipping if needed.<\/p>\n<p>7) \u00a0 If all of the data are correct \u2013 click SEND (only then your order is officially send to us). From this moment the objects you have selected get a RESERVED status for seven days (weekend included).<\/p>\n<p>8) \u00a0 We will inform you about shipping cost and possible ways of payment in two working days from receiving your order.<\/p>\n<p>9) \u00a0 Send the exact amount including chosen objects price as well as the shipping cost to our bank account:<br \/>\nFRESZ Gallery \/ CeGie Rafa\u0142 Go\u0142\u0105b,\u00a0Karmelicka 18\/9, 31-128 Krakow,\u00a0mBank, nr:<strong> 41 1140 2004 0000 3602 7608 3447<\/strong>. We kindly ask you to make the payment up to three days from receiving our confirmation e-mail (an e-mail containing the requested object availability verification and informing about your order being finalized). If the payment is not posted on our account within three days from receiving the confirmation e-mail the order will be annulled.<\/p>\n<p>10) After the payment is posted your order is shipped to the given address. You will be informed about it via e-mail containing your order tracking number and its\u2019 expected delivery date. Each shipped object is well and securely wrapped to prevent damage during transportation. Also each parcel shipped by our gallery has got insurance and it is sent in a protected parcel mode.<\/p>\n<p>11) If you notice any damage on your orders\u2019 packaging or an infraction of the protecting wrapping tape fill in the complaint protocol in the presence of the delivery service worker or carrier. The type, size, character and placing of the damage should be precisely described. The protocol should be signed by the delivery service worker or carrier in a way allowing his later identification. It also needs to carry a date of issue. This protocol is your basic complaint document.<\/p>\n<p>12) Every purchase made in our Gallery is confirmed with an invoice or a receipt as well as the contract of sales containing the certificate of authenticity for each purchased piece of art.<\/p>\n<p>13) According to Polish law you can return the item up to 14 days from the day of purchase. You can do it by sending us a signed Example of the Contract Withdrawal &#8211; FRESZ Gallery either via post or via e-mail. You cover the cost of the items\u2019 return. Apart from the cost of return shipping you also need to cover the cost of insurance for the purchased object for its\u2019 journey back to the Gallery as well as the cost of shipping it in a protected parcel mode.<\/p>\n<\/div>\n","protected":false},"excerpt":{"rendered":"<p>1) \u00a0 \u00a0Find our offer in GALLERY-SHOP section of the website \u2013 pick and choose between different options using filters and tags. Start with defining your price limit. 2) \u00a0 Once you have chosen an object ADD it TO YOUR CART. 3) \u00a0 Continue shopping or go to YOUR CART. 4) \u00a0 Log in our <\/p>\n","protected":false},"author":6445,"featured_media":0,"parent":0,"menu_order":0,"comment_status":"open","ping_status":"open","template":"","meta":[],"aioseo_notices":[],"_links":{"self":[{"href":"https:\/\/freszgallery.pl\/en\/wp-json\/wp\/v2\/pages\/38"}],"collection":[{"href":"https:\/\/freszgallery.pl\/en\/wp-json\/wp\/v2\/pages"}],"about":[{"href":"https:\/\/freszgallery.pl\/en\/wp-json\/wp\/v2\/types\/page"}],"author":[{"embeddable":true,"href":"https:\/\/freszgallery.pl\/en\/wp-json\/wp\/v2\/users\/6445"}],"replies":[{"embeddable":true,"href":"https:\/\/freszgallery.pl\/en\/wp-json\/wp\/v2\/comments?post=38"}],"version-history":[{"count":24,"href":"https:\/\/freszgallery.pl\/en\/wp-json\/wp\/v2\/pages\/38\/revisions"}],"predecessor-version":[{"id":2578,"href":"https:\/\/freszgallery.pl\/en\/wp-json\/wp\/v2\/pages\/38\/revisions\/2578"}],"wp:attachment":[{"href":"https:\/\/freszgallery.pl\/en\/wp-json\/wp\/v2\/media?parent=38"}],"curies":[{"name":"wp","href":"https:\/\/api.w.org\/{rel}","templated":true}]}}