{"id":3695,"date":"2017-03-12T09:10:27","date_gmt":"2017-03-12T09:10:27","guid":{"rendered":"http:\/\/freszgallery.pl\/?page_id=2805"},"modified":"2019-07-05T10:56:03","modified_gmt":"2019-07-05T10:56:03","slug":"wystawa-tworczosci-olgi-pawlowskiej-ktos-chodzil-wokol-naszego-domu","status":"publish","type":"page","link":"https:\/\/freszgallery.pl\/en\/wystawy\/wystawa-tworczosci-olgi-pawlowskiej-ktos-chodzil-wokol-naszego-domu\/","title":{"rendered":"Exhibition of Olga Paw\u0142owska&#8217;s paintings &#8220;Someone has walked around our house&#8221; (\u201eKto\u015b chodzi\u0142 wok\u00f3\u0142 naszego domu\u201d)"},"content":{"rendered":"<h3><b>17 March \u2013 14 April 2017<\/b><\/h3>\n<p>&nbsp;<\/p>\n<p><img loading=\"lazy\" class=\"alignnone wp-image-4346 size-full\" src=\"https:\/\/freszgallery.pl\/wp-content\/uploads\/2019\/03\/OLGAPAWLOWSKA.jpg\" alt=\"\" width=\"788\" height=\"2483\" \/><\/p>\n<p>&nbsp;<\/p>\n<p><img loading=\"lazy\" class=\"alignnone size-full wp-image-2803\" src=\"http:\/\/freszgallery.pl\/wp-content\/uploads\/2015\/03\/plakat-wystawy-Olgi-Paw\u0142owskiej.jpg\" alt=\"plakat-wystawy-Olgi-Paw\u0142owskiej\" width=\"700\" height=\"990\" \/><\/p>\n<p>&nbsp;<\/p>\n<p>&nbsp;<\/p>\n","protected":false},"excerpt":{"rendered":"<p>17 March \u2013 14 April 2017 &nbsp; &nbsp; &nbsp; &nbsp;<\/p>\n","protected":false},"author":2,"featured_media":0,"parent":1302,"menu_order":0,"comment_status":"closed","ping_status":"closed","template":"","meta":[],"aioseo_notices":[],"_links":{"self":[{"href":"https:\/\/freszgallery.pl\/en\/wp-json\/wp\/v2\/pages\/3695"}],"collection":[{"href":"https:\/\/freszgallery.pl\/en\/wp-json\/wp\/v2\/pages"}],"about":[{"href":"https:\/\/freszgallery.pl\/en\/wp-json\/wp\/v2\/types\/page"}],"author":[{"embeddable":true,"href":"https:\/\/freszgallery.pl\/en\/wp-json\/wp\/v2\/users\/2"}],"replies":[{"embeddable":true,"href":"https:\/\/freszgallery.pl\/en\/wp-json\/wp\/v2\/comments?post=3695"}],"version-history":[{"count":1,"href":"https:\/\/freszgallery.pl\/en\/wp-json\/wp\/v2\/pages\/3695\/revisions"}],"predecessor-version":[{"id":4396,"href":"https:\/\/freszgallery.pl\/en\/wp-json\/wp\/v2\/pages\/3695\/revisions\/4396"}],"up":[{"embeddable":true,"href":"https:\/\/freszgallery.pl\/en\/wp-json\/wp\/v2\/pages\/1302"}],"wp:attachment":[{"href":"https:\/\/freszgallery.pl\/en\/wp-json\/wp\/v2\/media?parent=3695"}],"curies":[{"name":"wp","href":"https:\/\/api.w.org\/{rel}","templated":true}]}}