{"id":3693,"date":"2016-06-24T16:18:39","date_gmt":"2016-06-24T16:18:39","guid":{"rendered":"http:\/\/freszgallery.pl\/?page_id=2269"},"modified":"2019-07-05T10:57:38","modified_gmt":"2019-07-05T10:57:38","slug":"zdjecia-z-otwarcia-wystawy-dawida-polony-charyzmaty-2","status":"publish","type":"page","link":"https:\/\/freszgallery.pl\/en\/wystawy\/zdjecia-z-otwarcia-wystawy-dawida-polony-charyzmaty-2\/","title":{"rendered":"Photos from the opening of Dawid Polony&#8217;s &#8220;Charyzmaty?&#8221;"},"content":{"rendered":"\n\t\t<style type=\"text\/css\">\n\t\t\t#gallery-1 {\n\t\t\t\tmargin: auto;\n\t\t\t}\n\t\t\t#gallery-1 .gallery-item {\n\t\t\t\tfloat: left;\n\t\t\t\tmargin-top: 10px;\n\t\t\t\ttext-align: center;\n\t\t\t\twidth: 25%;\n\t\t\t}\n\t\t\t#gallery-1 img {\n\t\t\t\tborder: 2px solid #cfcfcf;\n\t\t\t}\n\t\t\t#gallery-1 .gallery-caption {\n\t\t\t\tmargin-left: 0;\n\t\t\t}\n\t\t\t\/* see gallery_shortcode() in wp-includes\/media.php *\/\n\t\t<\/style>\n\t\t<div id='gallery-1' class='gallery galleryid-3693 gallery-columns-4 gallery-size-thumbnail'><dl class='gallery-item'>\n\t\t\t<dt class='gallery-icon landscape'>\n\t\t\t\t<a class=\"fresco\" data-fresco-group=\"\" href='https:\/\/freszgallery.pl\/en\/wp-content\/uploads\/2016\/06\/001.jpg'><img width=\"300\" height=\"300\" src=\"https:\/\/freszgallery.pl\/en\/wp-content\/uploads\/2016\/06\/001-300x300.jpg\" class=\"attachment-thumbnail size-thumbnail\" alt=\"\" loading=\"lazy\" srcset=\"https:\/\/freszgallery.pl\/en\/wp-content\/uploads\/2016\/06\/001-300x300.jpg 300w, https:\/\/freszgallery.pl\/en\/wp-content\/uploads\/2016\/06\/001-100x100.jpg 100w, https:\/\/freszgallery.pl\/en\/wp-content\/uploads\/2016\/06\/001-190x190.jpg 190w, https:\/\/freszgallery.pl\/en\/wp-content\/uploads\/2016\/06\/001-140x140.jpg 140w, https:\/\/freszgallery.pl\/en\/wp-content\/uploads\/2016\/06\/001-300x300@2x.jpg 600w, https:\/\/freszgallery.pl\/en\/wp-content\/uploads\/2016\/06\/001-190x190@2x.jpg 380w, https:\/\/freszgallery.pl\/en\/wp-content\/uploads\/2016\/06\/001-140x140@2x.jpg 280w\" sizes=\"(max-width: 300px) 100vw, 300px\" \/><\/a>\n\t\t\t<\/dt><\/dl><dl class='gallery-item'>\n\t\t\t<dt class='gallery-icon landscape'>\n\t\t\t\t<a class=\"fresco\" data-fresco-group=\"\" href='https:\/\/freszgallery.pl\/en\/wp-content\/uploads\/2016\/06\/002.jpg'><img width=\"300\" height=\"300\" src=\"https:\/\/freszgallery.pl\/en\/wp-content\/uploads\/2016\/06\/002-300x300.jpg\" class=\"attachment-thumbnail size-thumbnail\" alt=\"\" loading=\"lazy\" srcset=\"https:\/\/freszgallery.pl\/en\/wp-content\/uploads\/2016\/06\/002-300x300.jpg 300w, https:\/\/freszgallery.pl\/en\/wp-content\/uploads\/2016\/06\/002-100x100.jpg 100w, https:\/\/freszgallery.pl\/en\/wp-content\/uploads\/2016\/06\/002-190x190.jpg 190w, https:\/\/freszgallery.pl\/en\/wp-content\/uploads\/2016\/06\/002-140x140.jpg 140w, https:\/\/freszgallery.pl\/en\/wp-content\/uploads\/2016\/06\/002-300x300@2x.jpg 600w, https:\/\/freszgallery.pl\/en\/wp-content\/uploads\/2016\/06\/002-190x190@2x.jpg 380w, https:\/\/freszgallery.pl\/en\/wp-content\/uploads\/2016\/06\/002-140x140@2x.jpg 280w\" sizes=\"(max-width: 300px) 100vw, 300px\" \/><\/a>\n\t\t\t<\/dt><\/dl><dl class='gallery-item'>\n\t\t\t<dt class='gallery-icon portrait'>\n\t\t\t\t<a class=\"fresco\" data-fresco-group=\"\" href='https:\/\/freszgallery.pl\/en\/wp-content\/uploads\/2016\/06\/003.jpg'><img width=\"300\" height=\"300\" src=\"https:\/\/freszgallery.pl\/en\/wp-content\/uploads\/2016\/06\/003-300x300.jpg\" class=\"attachment-thumbnail size-thumbnail\" alt=\"\" loading=\"lazy\" srcset=\"https:\/\/freszgallery.pl\/en\/wp-content\/uploads\/2016\/06\/003-300x300.jpg 300w, https:\/\/freszgallery.pl\/en\/wp-content\/uploads\/2016\/06\/003-100x100.jpg 100w, https:\/\/freszgallery.pl\/en\/wp-content\/uploads\/2016\/06\/003-190x190.jpg 190w, https:\/\/freszgallery.pl\/en\/wp-content\/uploads\/2016\/06\/003-140x140.jpg 140w, https:\/\/freszgallery.pl\/en\/wp-content\/uploads\/2016\/06\/003-300x300@2x.jpg 600w, https:\/\/freszgallery.pl\/en\/wp-content\/uploads\/2016\/06\/003-190x190@2x.jpg 380w, https:\/\/freszgallery.pl\/en\/wp-content\/uploads\/2016\/06\/003-140x140@2x.jpg 280w\" sizes=\"(max-width: 300px) 100vw, 300px\" \/><\/a>\n\t\t\t<\/dt><\/dl><dl class='gallery-item'>\n\t\t\t<dt class='gallery-icon landscape'>\n\t\t\t\t<a class=\"fresco\" data-fresco-group=\"\" href='https:\/\/freszgallery.pl\/en\/wp-content\/uploads\/2016\/06\/004.jpg'><img width=\"300\" height=\"300\" src=\"https:\/\/freszgallery.pl\/en\/wp-content\/uploads\/2016\/06\/004-300x300.jpg\" class=\"attachment-thumbnail size-thumbnail\" alt=\"\" loading=\"lazy\" srcset=\"https:\/\/freszgallery.pl\/en\/wp-content\/uploads\/2016\/06\/004-300x300.jpg 300w, https:\/\/freszgallery.pl\/en\/wp-content\/uploads\/2016\/06\/004-100x100.jpg 100w, https:\/\/freszgallery.pl\/en\/wp-content\/uploads\/2016\/06\/004-190x190.jpg 190w, https:\/\/freszgallery.pl\/en\/wp-content\/uploads\/2016\/06\/004-140x140.jpg 140w, https:\/\/freszgallery.pl\/en\/wp-content\/uploads\/2016\/06\/004-300x300@2x.jpg 600w, https:\/\/freszgallery.pl\/en\/wp-content\/uploads\/2016\/06\/004-190x190@2x.jpg 380w, https:\/\/freszgallery.pl\/en\/wp-content\/uploads\/2016\/06\/004-140x140@2x.jpg 280w\" sizes=\"(max-width: 300px) 100vw, 300px\" \/><\/a>\n\t\t\t<\/dt><\/dl><br style=\"clear: both\" \/><dl class='gallery-item'>\n\t\t\t<dt class='gallery-icon portrait'>\n\t\t\t\t<a class=\"fresco\" data-fresco-group=\"\" href='https:\/\/freszgallery.pl\/en\/wp-content\/uploads\/2016\/06\/006.jpg'><img width=\"300\" height=\"300\" src=\"https:\/\/freszgallery.pl\/en\/wp-content\/uploads\/2016\/06\/006-300x300.jpg\" class=\"attachment-thumbnail size-thumbnail\" alt=\"\" loading=\"lazy\" srcset=\"https:\/\/freszgallery.pl\/en\/wp-content\/uploads\/2016\/06\/006-300x300.jpg 300w, https:\/\/freszgallery.pl\/en\/wp-content\/uploads\/2016\/06\/006-100x100.jpg 100w, https:\/\/freszgallery.pl\/en\/wp-content\/uploads\/2016\/06\/006-190x190.jpg 190w, https:\/\/freszgallery.pl\/en\/wp-content\/uploads\/2016\/06\/006-140x140.jpg 140w, https:\/\/freszgallery.pl\/en\/wp-content\/uploads\/2016\/06\/006-300x300@2x.jpg 600w, https:\/\/freszgallery.pl\/en\/wp-content\/uploads\/2016\/06\/006-190x190@2x.jpg 380w, https:\/\/freszgallery.pl\/en\/wp-content\/uploads\/2016\/06\/006-140x140@2x.jpg 280w\" sizes=\"(max-width: 300px) 100vw, 300px\" \/><\/a>\n\t\t\t<\/dt><\/dl><dl class='gallery-item'>\n\t\t\t<dt class='gallery-icon portrait'>\n\t\t\t\t<a class=\"fresco\" data-fresco-group=\"\" href='https:\/\/freszgallery.pl\/en\/wp-content\/uploads\/2016\/06\/010.jpg'><img width=\"300\" height=\"300\" src=\"https:\/\/freszgallery.pl\/en\/wp-content\/uploads\/2016\/06\/010-300x300.jpg\" class=\"attachment-thumbnail size-thumbnail\" alt=\"\" loading=\"lazy\" srcset=\"https:\/\/freszgallery.pl\/en\/wp-content\/uploads\/2016\/06\/010-300x300.jpg 300w, https:\/\/freszgallery.pl\/en\/wp-content\/uploads\/2016\/06\/010-100x100.jpg 100w, https:\/\/freszgallery.pl\/en\/wp-content\/uploads\/2016\/06\/010-190x190.jpg 190w, https:\/\/freszgallery.pl\/en\/wp-content\/uploads\/2016\/06\/010-140x140.jpg 140w, https:\/\/freszgallery.pl\/en\/wp-content\/uploads\/2016\/06\/010-300x300@2x.jpg 600w, https:\/\/freszgallery.pl\/en\/wp-content\/uploads\/2016\/06\/010-190x190@2x.jpg 380w, https:\/\/freszgallery.pl\/en\/wp-content\/uploads\/2016\/06\/010-140x140@2x.jpg 280w\" sizes=\"(max-width: 300px) 100vw, 300px\" \/><\/a>\n\t\t\t<\/dt><\/dl><dl class='gallery-item'>\n\t\t\t<dt class='gallery-icon portrait'>\n\t\t\t\t<a class=\"fresco\" data-fresco-group=\"\" href='https:\/\/freszgallery.pl\/en\/wp-content\/uploads\/2016\/06\/00.jpg'><img width=\"300\" height=\"300\" src=\"https:\/\/freszgallery.pl\/en\/wp-content\/uploads\/2016\/06\/00-300x300.jpg\" class=\"attachment-thumbnail size-thumbnail\" alt=\"\" loading=\"lazy\" srcset=\"https:\/\/freszgallery.pl\/en\/wp-content\/uploads\/2016\/06\/00-300x300.jpg 300w, https:\/\/freszgallery.pl\/en\/wp-content\/uploads\/2016\/06\/00-100x100.jpg 100w, https:\/\/freszgallery.pl\/en\/wp-content\/uploads\/2016\/06\/00-190x190.jpg 190w, https:\/\/freszgallery.pl\/en\/wp-content\/uploads\/2016\/06\/00-140x140.jpg 140w, https:\/\/freszgallery.pl\/en\/wp-content\/uploads\/2016\/06\/00-300x300@2x.jpg 600w, https:\/\/freszgallery.pl\/en\/wp-content\/uploads\/2016\/06\/00-190x190@2x.jpg 380w, https:\/\/freszgallery.pl\/en\/wp-content\/uploads\/2016\/06\/00-140x140@2x.jpg 280w\" sizes=\"(max-width: 300px) 100vw, 300px\" \/><\/a>\n\t\t\t<\/dt><\/dl><dl class='gallery-item'>\n\t\t\t<dt class='gallery-icon landscape'>\n\t\t\t\t<a class=\"fresco\" data-fresco-group=\"\" href='https:\/\/freszgallery.pl\/en\/wp-content\/uploads\/2016\/06\/02.jpg'><img width=\"300\" height=\"300\" src=\"https:\/\/freszgallery.pl\/en\/wp-content\/uploads\/2016\/06\/02-300x300.jpg\" class=\"attachment-thumbnail size-thumbnail\" alt=\"\" loading=\"lazy\" srcset=\"https:\/\/freszgallery.pl\/en\/wp-content\/uploads\/2016\/06\/02-300x300.jpg 300w, https:\/\/freszgallery.pl\/en\/wp-content\/uploads\/2016\/06\/02-100x100.jpg 100w, https:\/\/freszgallery.pl\/en\/wp-content\/uploads\/2016\/06\/02-190x190.jpg 190w, https:\/\/freszgallery.pl\/en\/wp-content\/uploads\/2016\/06\/02-140x140.jpg 140w, https:\/\/freszgallery.pl\/en\/wp-content\/uploads\/2016\/06\/02-300x300@2x.jpg 600w, https:\/\/freszgallery.pl\/en\/wp-content\/uploads\/2016\/06\/02-190x190@2x.jpg 380w, https:\/\/freszgallery.pl\/en\/wp-content\/uploads\/2016\/06\/02-140x140@2x.jpg 280w\" sizes=\"(max-width: 300px) 100vw, 300px\" \/><\/a>\n\t\t\t<\/dt><\/dl><br style=\"clear: both\" \/><dl class='gallery-item'>\n\t\t\t<dt class='gallery-icon landscape'>\n\t\t\t\t<a class=\"fresco\" data-fresco-group=\"\" href='https:\/\/freszgallery.pl\/en\/wp-content\/uploads\/2016\/06\/03-scaled.jpg'><img width=\"300\" height=\"300\" src=\"https:\/\/freszgallery.pl\/en\/wp-content\/uploads\/2016\/06\/03-300x300.jpg\" class=\"attachment-thumbnail size-thumbnail\" alt=\"\" loading=\"lazy\" srcset=\"https:\/\/freszgallery.pl\/en\/wp-content\/uploads\/2016\/06\/03-300x300.jpg 300w, https:\/\/freszgallery.pl\/en\/wp-content\/uploads\/2016\/06\/03-100x100.jpg 100w, https:\/\/freszgallery.pl\/en\/wp-content\/uploads\/2016\/06\/03-190x190.jpg 190w, https:\/\/freszgallery.pl\/en\/wp-content\/uploads\/2016\/06\/03-140x140.jpg 140w, https:\/\/freszgallery.pl\/en\/wp-content\/uploads\/2016\/06\/03-300x300@2x.jpg 600w, https:\/\/freszgallery.pl\/en\/wp-content\/uploads\/2016\/06\/03-190x190@2x.jpg 380w, https:\/\/freszgallery.pl\/en\/wp-content\/uploads\/2016\/06\/03-140x140@2x.jpg 280w\" sizes=\"(max-width: 300px) 100vw, 300px\" \/><\/a>\n\t\t\t<\/dt><\/dl><dl class='gallery-item'>\n\t\t\t<dt class='gallery-icon landscape'>\n\t\t\t\t<a class=\"fresco\" data-fresco-group=\"\" href='https:\/\/freszgallery.pl\/en\/wp-content\/uploads\/2016\/06\/05.jpg'><img width=\"300\" height=\"300\" src=\"https:\/\/freszgallery.pl\/en\/wp-content\/uploads\/2016\/06\/05-300x300.jpg\" class=\"attachment-thumbnail size-thumbnail\" alt=\"\" loading=\"lazy\" srcset=\"https:\/\/freszgallery.pl\/en\/wp-content\/uploads\/2016\/06\/05-300x300.jpg 300w, https:\/\/freszgallery.pl\/en\/wp-content\/uploads\/2016\/06\/05-100x100.jpg 100w, https:\/\/freszgallery.pl\/en\/wp-content\/uploads\/2016\/06\/05-190x190.jpg 190w, https:\/\/freszgallery.pl\/en\/wp-content\/uploads\/2016\/06\/05-140x140.jpg 140w, https:\/\/freszgallery.pl\/en\/wp-content\/uploads\/2016\/06\/05-300x300@2x.jpg 600w, https:\/\/freszgallery.pl\/en\/wp-content\/uploads\/2016\/06\/05-190x190@2x.jpg 380w, https:\/\/freszgallery.pl\/en\/wp-content\/uploads\/2016\/06\/05-140x140@2x.jpg 280w\" sizes=\"(max-width: 300px) 100vw, 300px\" \/><\/a>\n\t\t\t<\/dt><\/dl><dl class='gallery-item'>\n\t\t\t<dt class='gallery-icon landscape'>\n\t\t\t\t<a class=\"fresco\" data-fresco-group=\"\" href='https:\/\/freszgallery.pl\/en\/wp-content\/uploads\/2016\/06\/07.jpg'><img width=\"300\" height=\"300\" src=\"https:\/\/freszgallery.pl\/en\/wp-content\/uploads\/2016\/06\/07-300x300.jpg\" class=\"attachment-thumbnail size-thumbnail\" alt=\"\" loading=\"lazy\" srcset=\"https:\/\/freszgallery.pl\/en\/wp-content\/uploads\/2016\/06\/07-300x300.jpg 300w, https:\/\/freszgallery.pl\/en\/wp-content\/uploads\/2016\/06\/07-100x100.jpg 100w, https:\/\/freszgallery.pl\/en\/wp-content\/uploads\/2016\/06\/07-190x190.jpg 190w, https:\/\/freszgallery.pl\/en\/wp-content\/uploads\/2016\/06\/07-140x140.jpg 140w, https:\/\/freszgallery.pl\/en\/wp-content\/uploads\/2016\/06\/07-300x300@2x.jpg 600w, https:\/\/freszgallery.pl\/en\/wp-content\/uploads\/2016\/06\/07-190x190@2x.jpg 380w, https:\/\/freszgallery.pl\/en\/wp-content\/uploads\/2016\/06\/07-140x140@2x.jpg 280w\" sizes=\"(max-width: 300px) 100vw, 300px\" \/><\/a>\n\t\t\t<\/dt><\/dl><dl class='gallery-item'>\n\t\t\t<dt class='gallery-icon portrait'>\n\t\t\t\t<a class=\"fresco\" data-fresco-group=\"\" href='https:\/\/freszgallery.pl\/en\/wp-content\/uploads\/2016\/06\/08.jpg'><img width=\"300\" height=\"300\" src=\"https:\/\/freszgallery.pl\/en\/wp-content\/uploads\/2016\/06\/08-300x300.jpg\" class=\"attachment-thumbnail size-thumbnail\" alt=\"\" loading=\"lazy\" srcset=\"https:\/\/freszgallery.pl\/en\/wp-content\/uploads\/2016\/06\/08-300x300.jpg 300w, https:\/\/freszgallery.pl\/en\/wp-content\/uploads\/2016\/06\/08-100x100.jpg 100w, https:\/\/freszgallery.pl\/en\/wp-content\/uploads\/2016\/06\/08-190x190.jpg 190w, https:\/\/freszgallery.pl\/en\/wp-content\/uploads\/2016\/06\/08-140x140.jpg 140w, https:\/\/freszgallery.pl\/en\/wp-content\/uploads\/2016\/06\/08-300x300@2x.jpg 600w, https:\/\/freszgallery.pl\/en\/wp-content\/uploads\/2016\/06\/08-190x190@2x.jpg 380w, https:\/\/freszgallery.pl\/en\/wp-content\/uploads\/2016\/06\/08-140x140@2x.jpg 280w\" sizes=\"(max-width: 300px) 100vw, 300px\" \/><\/a>\n\t\t\t<\/dt><\/dl><br style=\"clear: both\" \/><dl class='gallery-item'>\n\t\t\t<dt class='gallery-icon portrait'>\n\t\t\t\t<a class=\"fresco\" data-fresco-group=\"\" href='https:\/\/freszgallery.pl\/en\/wp-content\/uploads\/2016\/06\/09.jpg'><img width=\"300\" height=\"300\" src=\"https:\/\/freszgallery.pl\/en\/wp-content\/uploads\/2016\/06\/09-300x300.jpg\" class=\"attachment-thumbnail size-thumbnail\" alt=\"\" loading=\"lazy\" srcset=\"https:\/\/freszgallery.pl\/en\/wp-content\/uploads\/2016\/06\/09-300x300.jpg 300w, https:\/\/freszgallery.pl\/en\/wp-content\/uploads\/2016\/06\/09-100x100.jpg 100w, https:\/\/freszgallery.pl\/en\/wp-content\/uploads\/2016\/06\/09-190x190.jpg 190w, https:\/\/freszgallery.pl\/en\/wp-content\/uploads\/2016\/06\/09-140x140.jpg 140w, https:\/\/freszgallery.pl\/en\/wp-content\/uploads\/2016\/06\/09-300x300@2x.jpg 600w, https:\/\/freszgallery.pl\/en\/wp-content\/uploads\/2016\/06\/09-190x190@2x.jpg 380w, https:\/\/freszgallery.pl\/en\/wp-content\/uploads\/2016\/06\/09-140x140@2x.jpg 280w\" sizes=\"(max-width: 300px) 100vw, 300px\" \/><\/a>\n\t\t\t<\/dt><\/dl><dl class='gallery-item'>\n\t\t\t<dt class='gallery-icon portrait'>\n\t\t\t\t<a class=\"fresco\" data-fresco-group=\"\" href='https:\/\/freszgallery.pl\/en\/wp-content\/uploads\/2016\/06\/11.jpg'><img width=\"300\" height=\"300\" src=\"https:\/\/freszgallery.pl\/en\/wp-content\/uploads\/2016\/06\/11-300x300.jpg\" class=\"attachment-thumbnail size-thumbnail\" alt=\"\" loading=\"lazy\" srcset=\"https:\/\/freszgallery.pl\/en\/wp-content\/uploads\/2016\/06\/11-300x300.jpg 300w, https:\/\/freszgallery.pl\/en\/wp-content\/uploads\/2016\/06\/11-100x100.jpg 100w, https:\/\/freszgallery.pl\/en\/wp-content\/uploads\/2016\/06\/11-190x190.jpg 190w, https:\/\/freszgallery.pl\/en\/wp-content\/uploads\/2016\/06\/11-140x140.jpg 140w, https:\/\/freszgallery.pl\/en\/wp-content\/uploads\/2016\/06\/11-300x300@2x.jpg 600w, https:\/\/freszgallery.pl\/en\/wp-content\/uploads\/2016\/06\/11-190x190@2x.jpg 380w, https:\/\/freszgallery.pl\/en\/wp-content\/uploads\/2016\/06\/11-140x140@2x.jpg 280w\" sizes=\"(max-width: 300px) 100vw, 300px\" \/><\/a>\n\t\t\t<\/dt><\/dl><dl class='gallery-item'>\n\t\t\t<dt class='gallery-icon landscape'>\n\t\t\t\t<a class=\"fresco\" data-fresco-group=\"\" href='https:\/\/freszgallery.pl\/en\/wp-content\/uploads\/2016\/06\/12.jpg'><img width=\"300\" height=\"300\" src=\"https:\/\/freszgallery.pl\/en\/wp-content\/uploads\/2016\/06\/12-300x300.jpg\" class=\"attachment-thumbnail size-thumbnail\" alt=\"\" loading=\"lazy\" srcset=\"https:\/\/freszgallery.pl\/en\/wp-content\/uploads\/2016\/06\/12-300x300.jpg 300w, https:\/\/freszgallery.pl\/en\/wp-content\/uploads\/2016\/06\/12-100x100.jpg 100w, https:\/\/freszgallery.pl\/en\/wp-content\/uploads\/2016\/06\/12-190x190.jpg 190w, https:\/\/freszgallery.pl\/en\/wp-content\/uploads\/2016\/06\/12-140x140.jpg 140w, https:\/\/freszgallery.pl\/en\/wp-content\/uploads\/2016\/06\/12-300x300@2x.jpg 600w, https:\/\/freszgallery.pl\/en\/wp-content\/uploads\/2016\/06\/12-190x190@2x.jpg 380w, https:\/\/freszgallery.pl\/en\/wp-content\/uploads\/2016\/06\/12-140x140@2x.jpg 280w\" sizes=\"(max-width: 300px) 100vw, 300px\" \/><\/a>\n\t\t\t<\/dt><\/dl><dl class='gallery-item'>\n\t\t\t<dt class='gallery-icon landscape'>\n\t\t\t\t<a class=\"fresco\" data-fresco-group=\"\" href='https:\/\/freszgallery.pl\/en\/wp-content\/uploads\/2016\/06\/14.jpg'><img width=\"300\" height=\"300\" src=\"https:\/\/freszgallery.pl\/en\/wp-content\/uploads\/2016\/06\/14-300x300.jpg\" class=\"attachment-thumbnail size-thumbnail\" alt=\"\" loading=\"lazy\" srcset=\"https:\/\/freszgallery.pl\/en\/wp-content\/uploads\/2016\/06\/14-300x300.jpg 300w, https:\/\/freszgallery.pl\/en\/wp-content\/uploads\/2016\/06\/14-100x100.jpg 100w, https:\/\/freszgallery.pl\/en\/wp-content\/uploads\/2016\/06\/14-190x190.jpg 190w, https:\/\/freszgallery.pl\/en\/wp-content\/uploads\/2016\/06\/14-140x140.jpg 140w, https:\/\/freszgallery.pl\/en\/wp-content\/uploads\/2016\/06\/14-300x300@2x.jpg 600w, https:\/\/freszgallery.pl\/en\/wp-content\/uploads\/2016\/06\/14-190x190@2x.jpg 380w, https:\/\/freszgallery.pl\/en\/wp-content\/uploads\/2016\/06\/14-140x140@2x.jpg 280w\" sizes=\"(max-width: 300px) 100vw, 300px\" \/><\/a>\n\t\t\t<\/dt><\/dl><br style=\"clear: both\" \/><dl class='gallery-item'>\n\t\t\t<dt class='gallery-icon landscape'>\n\t\t\t\t<a class=\"fresco\" data-fresco-group=\"\" href='https:\/\/freszgallery.pl\/en\/wp-content\/uploads\/2016\/06\/19.jpg'><img width=\"300\" height=\"300\" src=\"https:\/\/freszgallery.pl\/en\/wp-content\/uploads\/2016\/06\/19-300x300.jpg\" class=\"attachment-thumbnail size-thumbnail\" alt=\"\" loading=\"lazy\" srcset=\"https:\/\/freszgallery.pl\/en\/wp-content\/uploads\/2016\/06\/19-300x300.jpg 300w, https:\/\/freszgallery.pl\/en\/wp-content\/uploads\/2016\/06\/19-100x100.jpg 100w, https:\/\/freszgallery.pl\/en\/wp-content\/uploads\/2016\/06\/19-190x190.jpg 190w, https:\/\/freszgallery.pl\/en\/wp-content\/uploads\/2016\/06\/19-140x140.jpg 140w, https:\/\/freszgallery.pl\/en\/wp-content\/uploads\/2016\/06\/19-300x300@2x.jpg 600w, https:\/\/freszgallery.pl\/en\/wp-content\/uploads\/2016\/06\/19-190x190@2x.jpg 380w, https:\/\/freszgallery.pl\/en\/wp-content\/uploads\/2016\/06\/19-140x140@2x.jpg 280w\" sizes=\"(max-width: 300px) 100vw, 300px\" \/><\/a>\n\t\t\t<\/dt><\/dl><dl class='gallery-item'>\n\t\t\t<dt class='gallery-icon landscape'>\n\t\t\t\t<a class=\"fresco\" data-fresco-group=\"\" href='https:\/\/freszgallery.pl\/en\/wp-content\/uploads\/2016\/06\/20.jpg'><img width=\"300\" height=\"300\" src=\"https:\/\/freszgallery.pl\/en\/wp-content\/uploads\/2016\/06\/20-300x300.jpg\" class=\"attachment-thumbnail size-thumbnail\" alt=\"\" loading=\"lazy\" srcset=\"https:\/\/freszgallery.pl\/en\/wp-content\/uploads\/2016\/06\/20-300x300.jpg 300w, https:\/\/freszgallery.pl\/en\/wp-content\/uploads\/2016\/06\/20-100x100.jpg 100w, https:\/\/freszgallery.pl\/en\/wp-content\/uploads\/2016\/06\/20-190x190.jpg 190w, https:\/\/freszgallery.pl\/en\/wp-content\/uploads\/2016\/06\/20-140x140.jpg 140w, https:\/\/freszgallery.pl\/en\/wp-content\/uploads\/2016\/06\/20-300x300@2x.jpg 600w, https:\/\/freszgallery.pl\/en\/wp-content\/uploads\/2016\/06\/20-190x190@2x.jpg 380w, https:\/\/freszgallery.pl\/en\/wp-content\/uploads\/2016\/06\/20-140x140@2x.jpg 280w\" sizes=\"(max-width: 300px) 100vw, 300px\" \/><\/a>\n\t\t\t<\/dt><\/dl>\n\t\t\t<br style='clear: both' \/>\n\t\t<\/div>\n\n<p>\u201eCHARYZMATY?\u201d<br \/>\nCzy wsp\u00f3\u0142czesna sztuka zatraci\u0142a si\u0119 w swojej pierwotnej roli? Czy nadal jest form\u0105 wzbogacenia naszego \u017cycia \u2013 nie tylko wizualnie, ale metafizycznie? Czy zbli\u017ca nas do tego co ponad nami, do tego co pierwotne i prawdziwe? Jak\u0105 zatem rol\u0119 odgrywa artysta? Czy jest sam w sobie tw\u00f3rc\u0105 czy te\u017c dzia\u0142a pod wp\u0142ywem Stw\u00f3rcy? W czym tkwi moc jego sztuki &#8211; w Charyzmatach?<br \/>\nZapraszamy na wystaw\u0119 tw\u00f3rczo\u015bci Dawida Polony.<br \/>\n[Zuzanna Ceklarz-Go\u0142\u0105b, FRESZ Gallery]<\/p>\n<p>\u201eNie maluj\u0119 przedmiot\u00f3w, ale uczucia, jakie te przedmioty we mnie wywo\u0142uj\u0105 &#8211; napisa\u0142 Franz Kline \u2013 genialny malarz ameryka\u0144skiego ekspresjonizmu abstrakcyjnego. Do tej formu\u0142y sztuki rozumianej jako nieskr\u0119powany przekaz emocji odwo\u0142uje si\u0119 Dawid Polony. W manife\u015bcie ruchu DUDU, kt\u00f3ry stworzy\u0142 razem z Grup\u0105 Porno pisze, \u017ce jego sztuka ma charakter plemiennego kultu i ludowej duchowo\u015bci. Czyli wracamy do \u017ar\u00f3de\u0142, odrzucamy cywilizacj\u0119, zdajemy si\u0119 na najprostsze odruchy i pra-uczucia. Dzi\u0119ki temu osi\u0105gamy to, co sztuka wsp\u00f3\u0142czesna wed\u0142ug Polonego zatraci\u0142a: kontakt ze \u015bwiatem wewn\u0119trznym, prostot\u0119 i pi\u0119kno. \u0141atwo powiedzie\u0107, ale rzeczywi\u015bcie cykl Ca\u0142un\u00f3w i Kapliczek \u2013 przestrzennych instalacji Polonego przenosi nas w \u015bwiat plemiennych obrz\u0119d\u00f3w magicznych, w kr\u0105g pierwotnych emocji i duchowo\u015bci, kt\u00f3re okre\u015bla\u0142a trwoga przed mocami natury i refleksja nad krucho\u015bci\u0105 w\u0142asnego, pojedynczego bytu. Czy to mnie przekonuje? Te\u017c jestem zm\u0119czona egotyczn\u0105 sztuk\u0105 XXI wieku, jej pozerstwem i multimedialn\u0105 \u0142atwo\u015bci\u0105, wi\u0119c z ciekawo\u015bci\u0105 daj\u0119 si\u0119 prowadzi\u0107 w jak\u0105\u015b pierwotn\u0105 ciemno\u015b\u0107 i nieoczywisto\u015b\u0107, kt\u00f3re proponuje Polony. To tw\u00f3rczo\u015b\u0107 rzeczywi\u015bcie szczera i \u015bwie\u017ca, chocia\u017c te\u017c mocno osadzona i w krakowskiej tradycji awangardy XX wieku i wyra\u017anie kontaktuj\u0105ca si\u0119 z najnowszymi trendami, reprezentowanymi cho\u0107by przez fenomenalne realizacje Anglika Jeremy Dellera. Polony to obiecuj\u0105cy artysta i ciekawa osobowo\u015b\u0107 \u2013 trzeba mu si\u0119 przygl\u0105da\u0107 i nie straci\u0107 z oczu. Uwaga \u2013 talent!\u201d<br \/>\n[Katarzyna Rzehak, czerwiec 2016]<\/p>\n","protected":false},"excerpt":{"rendered":"<p>\u201eCHARYZMATY?\u201d Czy wsp\u00f3\u0142czesna sztuka zatraci\u0142a si\u0119 w swojej pierwotnej roli? Czy nadal jest form\u0105 wzbogacenia naszego \u017cycia \u2013 nie tylko wizualnie, ale metafizycznie? Czy zbli\u017ca nas do tego co ponad nami, do tego co pierwotne i prawdziwe? Jak\u0105 zatem rol\u0119 odgrywa artysta? Czy jest sam w sobie tw\u00f3rc\u0105 czy te\u017c dzia\u0142a pod wp\u0142ywem Stw\u00f3rcy? W <\/p>\n","protected":false},"author":2,"featured_media":0,"parent":1302,"menu_order":0,"comment_status":"closed","ping_status":"closed","template":"","meta":[],"aioseo_notices":[],"_links":{"self":[{"href":"https:\/\/freszgallery.pl\/en\/wp-json\/wp\/v2\/pages\/3693"}],"collection":[{"href":"https:\/\/freszgallery.pl\/en\/wp-json\/wp\/v2\/pages"}],"about":[{"href":"https:\/\/freszgallery.pl\/en\/wp-json\/wp\/v2\/types\/page"}],"author":[{"embeddable":true,"href":"https:\/\/freszgallery.pl\/en\/wp-json\/wp\/v2\/users\/2"}],"replies":[{"embeddable":true,"href":"https:\/\/freszgallery.pl\/en\/wp-json\/wp\/v2\/comments?post=3693"}],"version-history":[{"count":1,"href":"https:\/\/freszgallery.pl\/en\/wp-json\/wp\/v2\/pages\/3693\/revisions"}],"predecessor-version":[{"id":4404,"href":"https:\/\/freszgallery.pl\/en\/wp-json\/wp\/v2\/pages\/3693\/revisions\/4404"}],"up":[{"embeddable":true,"href":"https:\/\/freszgallery.pl\/en\/wp-json\/wp\/v2\/pages\/1302"}],"wp:attachment":[{"href":"https:\/\/freszgallery.pl\/en\/wp-json\/wp\/v2\/media?parent=3693"}],"curies":[{"name":"wp","href":"https:\/\/api.w.org\/{rel}","templated":true}]}}