{"id":3689,"date":"2015-12-22T10:38:29","date_gmt":"2015-12-22T10:38:29","guid":{"rendered":"http:\/\/freszgallery.pl\/?page_id=1824"},"modified":"2019-07-05T10:56:13","modified_gmt":"2019-07-05T10:56:13","slug":"wystawa-tworczosci-absolwentow-asp-wspolpracujacych-z-galeria-2","status":"publish","type":"page","link":"https:\/\/freszgallery.pl\/en\/wystawy\/wystawa-tworczosci-absolwentow-asp-wspolpracujacych-z-galeria-2\/","title":{"rendered":"&#8220;Attention! Freshly painted&#8221;: Exhibition of works by artists cooperating with the gallery"},"content":{"rendered":"<h3><strong>27 November &#8211; 30 December 2015<\/strong><\/h3>\n<p><img loading=\"lazy\" class=\"alignnone wp-image-1827 size-full\" src=\"http:\/\/freszgallery.pl\/wp-content\/uploads\/2015\/12\/WYSTAWA_\u015awie\u017co-malowane_info-na-stron\u0119.jpg\" alt=\"WYSTAWA_\u015awie\u017co-malowane_info-na-stron\u0119\" width=\"787\" height=\"1230\" srcset=\"https:\/\/freszgallery.pl\/en\/wp-content\/uploads\/2015\/12\/WYSTAWA_\u015awie\u017co-malowane_info-na-stron\u0119.jpg 787w, https:\/\/freszgallery.pl\/en\/wp-content\/uploads\/2015\/12\/WYSTAWA_\u015awie\u017co-malowane_info-na-stron\u0119-190x297.jpg 190w, https:\/\/freszgallery.pl\/en\/wp-content\/uploads\/2015\/12\/WYSTAWA_\u015awie\u017co-malowane_info-na-stron\u0119-510x797.jpg 510w, https:\/\/freszgallery.pl\/en\/wp-content\/uploads\/2015\/12\/WYSTAWA_\u015awie\u017co-malowane_info-na-stron\u0119-192x300.jpg 192w, https:\/\/freszgallery.pl\/en\/wp-content\/uploads\/2015\/12\/WYSTAWA_\u015awie\u017co-malowane_info-na-stron\u0119-655x1024.jpg 655w, https:\/\/freszgallery.pl\/en\/wp-content\/uploads\/2015\/12\/WYSTAWA_\u015awie\u017co-malowane_info-na-stron\u0119-192x300@2x.jpg 384w, https:\/\/freszgallery.pl\/en\/wp-content\/uploads\/2015\/12\/WYSTAWA_\u015awie\u017co-malowane_info-na-stron\u0119-311x486.jpg 311w, https:\/\/freszgallery.pl\/en\/wp-content\/uploads\/2015\/12\/WYSTAWA_\u015awie\u017co-malowane_info-na-stron\u0119-384x600@2x.jpg 768w, https:\/\/freszgallery.pl\/en\/wp-content\/uploads\/2015\/12\/WYSTAWA_\u015awie\u017co-malowane_info-na-stron\u0119-311x486@2x.jpg 622w\" sizes=\"(max-width: 787px) 100vw, 787px\" \/><\/p>\n<p><img loading=\"lazy\" class=\"alignnone wp-image-1826 size-large\" src=\"http:\/\/freszgallery.pl\/wp-content\/uploads\/2015\/12\/plakat-UWAGA-\u015awie\u017co-malowane-768x1024.jpg\" alt=\"plakat-UWAGA-\u015awie\u017co-malowane\" width=\"620\" height=\"827\" srcset=\"https:\/\/freszgallery.pl\/en\/wp-content\/uploads\/2015\/12\/plakat-UWAGA-\u015awie\u017co-malowane-768x1024.jpg 768w, https:\/\/freszgallery.pl\/en\/wp-content\/uploads\/2015\/12\/plakat-UWAGA-\u015awie\u017co-malowane-190x253.jpg 190w, https:\/\/freszgallery.pl\/en\/wp-content\/uploads\/2015\/12\/plakat-UWAGA-\u015awie\u017co-malowane-510x680.jpg 510w, https:\/\/freszgallery.pl\/en\/wp-content\/uploads\/2015\/12\/plakat-UWAGA-\u015awie\u017co-malowane-225x300.jpg 225w, https:\/\/freszgallery.pl\/en\/wp-content\/uploads\/2015\/12\/plakat-UWAGA-\u015awie\u017co-malowane-225x300@2x.jpg 450w, https:\/\/freszgallery.pl\/en\/wp-content\/uploads\/2015\/12\/plakat-UWAGA-\u015awie\u017co-malowane-365x486.jpg 365w, https:\/\/freszgallery.pl\/en\/wp-content\/uploads\/2015\/12\/plakat-UWAGA-\u015awie\u017co-malowane-978x1304.jpg 978w, https:\/\/freszgallery.pl\/en\/wp-content\/uploads\/2015\/12\/plakat-UWAGA-\u015awie\u017co-malowane.jpg 1063w, https:\/\/freszgallery.pl\/en\/wp-content\/uploads\/2015\/12\/plakat-UWAGA-\u015awie\u017co-malowane-450x600@2x.jpg 900w, https:\/\/freszgallery.pl\/en\/wp-content\/uploads\/2015\/12\/plakat-UWAGA-\u015awie\u017co-malowane-365x486@2x.jpg 730w\" sizes=\"(max-width: 620px) 100vw, 620px\" \/><\/p>\n<p>&nbsp;<\/p>\n<p>&nbsp;<\/p>\n<p><img loading=\"lazy\" class=\"alignnone size-full wp-image-1307\" src=\"http:\/\/freszgallery.pl\/wp-content\/uploads\/2015\/03\/patronat-medialny.png\" alt=\"patronat medialny\" width=\"283\" height=\"286\" srcset=\"https:\/\/freszgallery.pl\/en\/wp-content\/uploads\/2015\/03\/patronat-medialny.png 283w, https:\/\/freszgallery.pl\/en\/wp-content\/uploads\/2015\/03\/patronat-medialny-190x192.png 190w, https:\/\/freszgallery.pl\/en\/wp-content\/uploads\/2015\/03\/patronat-medialny-100x100.png 100w, https:\/\/freszgallery.pl\/en\/wp-content\/uploads\/2015\/03\/patronat-medialny-140x140.png 140w, https:\/\/freszgallery.pl\/en\/wp-content\/uploads\/2015\/03\/patronat-medialny-140x140@2x.png 280w\" sizes=\"(max-width: 283px) 100vw, 283px\" \/><\/p>\n","protected":false},"excerpt":{"rendered":"<p>27 November &#8211; 30 December 2015 &nbsp; &nbsp;<\/p>\n","protected":false},"author":2,"featured_media":0,"parent":1302,"menu_order":0,"comment_status":"closed","ping_status":"closed","template":"","meta":[],"aioseo_notices":[],"_links":{"self":[{"href":"https:\/\/freszgallery.pl\/en\/wp-json\/wp\/v2\/pages\/3689"}],"collection":[{"href":"https:\/\/freszgallery.pl\/en\/wp-json\/wp\/v2\/pages"}],"about":[{"href":"https:\/\/freszgallery.pl\/en\/wp-json\/wp\/v2\/types\/page"}],"author":[{"embeddable":true,"href":"https:\/\/freszgallery.pl\/en\/wp-json\/wp\/v2\/users\/2"}],"replies":[{"embeddable":true,"href":"https:\/\/freszgallery.pl\/en\/wp-json\/wp\/v2\/comments?post=3689"}],"version-history":[{"count":1,"href":"https:\/\/freszgallery.pl\/en\/wp-json\/wp\/v2\/pages\/3689\/revisions"}],"predecessor-version":[{"id":4399,"href":"https:\/\/freszgallery.pl\/en\/wp-json\/wp\/v2\/pages\/3689\/revisions\/4399"}],"up":[{"embeddable":true,"href":"https:\/\/freszgallery.pl\/en\/wp-json\/wp\/v2\/pages\/1302"}],"wp:attachment":[{"href":"https:\/\/freszgallery.pl\/en\/wp-json\/wp\/v2\/media?parent=3689"}],"curies":[{"name":"wp","href":"https:\/\/api.w.org\/{rel}","templated":true}]}}