{"id":3688,"date":"2015-05-22T15:12:41","date_gmt":"2015-05-22T15:12:41","guid":{"rendered":"http:\/\/freszgallery.pl\/?page_id=1519"},"modified":"2019-07-05T10:58:15","modified_gmt":"2019-07-05T10:58:15","slug":"zdjecia-z-wernisazu-szymona-szelca-2","status":"publish","type":"page","link":"https:\/\/freszgallery.pl\/en\/wystawy\/zdjecia-z-wernisazu-szymona-szelca-2\/","title":{"rendered":"Photos from the opening of Szymon Szelc&#8217;s exhibition \u201cJungle. Night creatures\u201d (\u201cJungla. Nocne stwory.\u201d)"},"content":{"rendered":"\n\t\t<style type=\"text\/css\">\n\t\t\t#gallery-1 {\n\t\t\t\tmargin: auto;\n\t\t\t}\n\t\t\t#gallery-1 .gallery-item {\n\t\t\t\tfloat: left;\n\t\t\t\tmargin-top: 10px;\n\t\t\t\ttext-align: center;\n\t\t\t\twidth: 25%;\n\t\t\t}\n\t\t\t#gallery-1 img {\n\t\t\t\tborder: 2px solid #cfcfcf;\n\t\t\t}\n\t\t\t#gallery-1 .gallery-caption {\n\t\t\t\tmargin-left: 0;\n\t\t\t}\n\t\t\t\/* see gallery_shortcode() in wp-includes\/media.php *\/\n\t\t<\/style>\n\t\t<div id='gallery-1' class='gallery galleryid-3688 gallery-columns-4 gallery-size-thumbnail'><dl class='gallery-item'>\n\t\t\t<dt class='gallery-icon landscape'>\n\t\t\t\t<a class=\"fresco\" data-fresco-group=\"\" href='https:\/\/freszgallery.pl\/en\/wp-content\/uploads\/2015\/05\/IMG_0015.jpg'><img width=\"300\" height=\"300\" src=\"https:\/\/freszgallery.pl\/en\/wp-content\/uploads\/2015\/05\/IMG_0015-300x300.jpg\" class=\"attachment-thumbnail size-thumbnail\" alt=\"\" loading=\"lazy\" srcset=\"https:\/\/freszgallery.pl\/en\/wp-content\/uploads\/2015\/05\/IMG_0015-300x300.jpg 300w, https:\/\/freszgallery.pl\/en\/wp-content\/uploads\/2015\/05\/IMG_0015-100x100.jpg 100w, https:\/\/freszgallery.pl\/en\/wp-content\/uploads\/2015\/05\/IMG_0015-190x190.jpg 190w, https:\/\/freszgallery.pl\/en\/wp-content\/uploads\/2015\/05\/IMG_0015-140x140.jpg 140w, https:\/\/freszgallery.pl\/en\/wp-content\/uploads\/2015\/05\/IMG_0015-300x300@2x.jpg 600w, https:\/\/freszgallery.pl\/en\/wp-content\/uploads\/2015\/05\/IMG_0015-190x190@2x.jpg 380w, https:\/\/freszgallery.pl\/en\/wp-content\/uploads\/2015\/05\/IMG_0015-140x140@2x.jpg 280w, https:\/\/freszgallery.pl\/en\/wp-content\/uploads\/2015\/05\/IMG_0015-380x380@2x.jpg 760w, https:\/\/freszgallery.pl\/en\/wp-content\/uploads\/2015\/05\/IMG_0015-280x280@2x.jpg 560w\" sizes=\"(max-width: 300px) 100vw, 300px\" \/><\/a>\n\t\t\t<\/dt><\/dl><dl class='gallery-item'>\n\t\t\t<dt class='gallery-icon landscape'>\n\t\t\t\t<a class=\"fresco\" data-fresco-group=\"\" href='https:\/\/freszgallery.pl\/en\/wp-content\/uploads\/2015\/05\/IMG_0016.jpg'><img width=\"300\" height=\"300\" src=\"https:\/\/freszgallery.pl\/en\/wp-content\/uploads\/2015\/05\/IMG_0016-300x300.jpg\" class=\"attachment-thumbnail size-thumbnail\" alt=\"\" loading=\"lazy\" srcset=\"https:\/\/freszgallery.pl\/en\/wp-content\/uploads\/2015\/05\/IMG_0016-300x300.jpg 300w, https:\/\/freszgallery.pl\/en\/wp-content\/uploads\/2015\/05\/IMG_0016-100x100.jpg 100w, https:\/\/freszgallery.pl\/en\/wp-content\/uploads\/2015\/05\/IMG_0016-190x190.jpg 190w, https:\/\/freszgallery.pl\/en\/wp-content\/uploads\/2015\/05\/IMG_0016-140x140.jpg 140w, https:\/\/freszgallery.pl\/en\/wp-content\/uploads\/2015\/05\/IMG_0016-300x300@2x.jpg 600w, https:\/\/freszgallery.pl\/en\/wp-content\/uploads\/2015\/05\/IMG_0016-190x190@2x.jpg 380w, https:\/\/freszgallery.pl\/en\/wp-content\/uploads\/2015\/05\/IMG_0016-140x140@2x.jpg 280w, https:\/\/freszgallery.pl\/en\/wp-content\/uploads\/2015\/05\/IMG_0016-600x600@2x.jpg 1200w, https:\/\/freszgallery.pl\/en\/wp-content\/uploads\/2015\/05\/IMG_0016-380x380@2x.jpg 760w, https:\/\/freszgallery.pl\/en\/wp-content\/uploads\/2015\/05\/IMG_0016-280x280@2x.jpg 560w\" sizes=\"(max-width: 300px) 100vw, 300px\" \/><\/a>\n\t\t\t<\/dt><\/dl><dl class='gallery-item'>\n\t\t\t<dt class='gallery-icon landscape'>\n\t\t\t\t<a class=\"fresco\" data-fresco-group=\"\" href='https:\/\/freszgallery.pl\/en\/wp-content\/uploads\/2015\/05\/IMG_0019.jpg'><img width=\"300\" height=\"300\" src=\"https:\/\/freszgallery.pl\/en\/wp-content\/uploads\/2015\/05\/IMG_0019-300x300.jpg\" class=\"attachment-thumbnail size-thumbnail\" alt=\"\" loading=\"lazy\" srcset=\"https:\/\/freszgallery.pl\/en\/wp-content\/uploads\/2015\/05\/IMG_0019-300x300.jpg 300w, https:\/\/freszgallery.pl\/en\/wp-content\/uploads\/2015\/05\/IMG_0019-100x100.jpg 100w, https:\/\/freszgallery.pl\/en\/wp-content\/uploads\/2015\/05\/IMG_0019-190x190.jpg 190w, https:\/\/freszgallery.pl\/en\/wp-content\/uploads\/2015\/05\/IMG_0019-140x140.jpg 140w, https:\/\/freszgallery.pl\/en\/wp-content\/uploads\/2015\/05\/IMG_0019-300x300@2x.jpg 600w, https:\/\/freszgallery.pl\/en\/wp-content\/uploads\/2015\/05\/IMG_0019-190x190@2x.jpg 380w, https:\/\/freszgallery.pl\/en\/wp-content\/uploads\/2015\/05\/IMG_0019-140x140@2x.jpg 280w, https:\/\/freszgallery.pl\/en\/wp-content\/uploads\/2015\/05\/IMG_0019-600x600@2x.jpg 1200w, https:\/\/freszgallery.pl\/en\/wp-content\/uploads\/2015\/05\/IMG_0019-380x380@2x.jpg 760w, https:\/\/freszgallery.pl\/en\/wp-content\/uploads\/2015\/05\/IMG_0019-280x280@2x.jpg 560w\" sizes=\"(max-width: 300px) 100vw, 300px\" \/><\/a>\n\t\t\t<\/dt><\/dl><dl class='gallery-item'>\n\t\t\t<dt class='gallery-icon landscape'>\n\t\t\t\t<a class=\"fresco\" data-fresco-group=\"\" href='https:\/\/freszgallery.pl\/en\/wp-content\/uploads\/2015\/05\/IMG_0023.jpg'><img width=\"300\" height=\"300\" src=\"https:\/\/freszgallery.pl\/en\/wp-content\/uploads\/2015\/05\/IMG_0023-300x300.jpg\" class=\"attachment-thumbnail size-thumbnail\" alt=\"\" loading=\"lazy\" srcset=\"https:\/\/freszgallery.pl\/en\/wp-content\/uploads\/2015\/05\/IMG_0023-300x300.jpg 300w, https:\/\/freszgallery.pl\/en\/wp-content\/uploads\/2015\/05\/IMG_0023-100x100.jpg 100w, https:\/\/freszgallery.pl\/en\/wp-content\/uploads\/2015\/05\/IMG_0023-190x190.jpg 190w, https:\/\/freszgallery.pl\/en\/wp-content\/uploads\/2015\/05\/IMG_0023-140x140.jpg 140w, https:\/\/freszgallery.pl\/en\/wp-content\/uploads\/2015\/05\/IMG_0023-300x300@2x.jpg 600w, https:\/\/freszgallery.pl\/en\/wp-content\/uploads\/2015\/05\/IMG_0023-190x190@2x.jpg 380w, https:\/\/freszgallery.pl\/en\/wp-content\/uploads\/2015\/05\/IMG_0023-140x140@2x.jpg 280w, https:\/\/freszgallery.pl\/en\/wp-content\/uploads\/2015\/05\/IMG_0023-380x380@2x.jpg 760w, https:\/\/freszgallery.pl\/en\/wp-content\/uploads\/2015\/05\/IMG_0023-280x280@2x.jpg 560w\" sizes=\"(max-width: 300px) 100vw, 300px\" \/><\/a>\n\t\t\t<\/dt><\/dl><br style=\"clear: both\" \/><dl class='gallery-item'>\n\t\t\t<dt class='gallery-icon portrait'>\n\t\t\t\t<a class=\"fresco\" data-fresco-group=\"\" href='https:\/\/freszgallery.pl\/en\/wp-content\/uploads\/2015\/05\/IMG_0024.jpg'><img width=\"300\" height=\"300\" src=\"https:\/\/freszgallery.pl\/en\/wp-content\/uploads\/2015\/05\/IMG_0024-300x300.jpg\" class=\"attachment-thumbnail size-thumbnail\" alt=\"\" loading=\"lazy\" srcset=\"https:\/\/freszgallery.pl\/en\/wp-content\/uploads\/2015\/05\/IMG_0024-300x300.jpg 300w, https:\/\/freszgallery.pl\/en\/wp-content\/uploads\/2015\/05\/IMG_0024-100x100.jpg 100w, https:\/\/freszgallery.pl\/en\/wp-content\/uploads\/2015\/05\/IMG_0024-190x190.jpg 190w, https:\/\/freszgallery.pl\/en\/wp-content\/uploads\/2015\/05\/IMG_0024-140x140.jpg 140w, https:\/\/freszgallery.pl\/en\/wp-content\/uploads\/2015\/05\/IMG_0024-300x300@2x.jpg 600w, https:\/\/freszgallery.pl\/en\/wp-content\/uploads\/2015\/05\/IMG_0024-190x190@2x.jpg 380w, https:\/\/freszgallery.pl\/en\/wp-content\/uploads\/2015\/05\/IMG_0024-140x140@2x.jpg 280w, https:\/\/freszgallery.pl\/en\/wp-content\/uploads\/2015\/05\/IMG_0024-600x600@2x.jpg 1200w, https:\/\/freszgallery.pl\/en\/wp-content\/uploads\/2015\/05\/IMG_0024-380x380@2x.jpg 760w, https:\/\/freszgallery.pl\/en\/wp-content\/uploads\/2015\/05\/IMG_0024-280x280@2x.jpg 560w\" sizes=\"(max-width: 300px) 100vw, 300px\" \/><\/a>\n\t\t\t<\/dt><\/dl><dl class='gallery-item'>\n\t\t\t<dt class='gallery-icon portrait'>\n\t\t\t\t<a class=\"fresco\" data-fresco-group=\"\" href='https:\/\/freszgallery.pl\/en\/wp-content\/uploads\/2015\/05\/IMG_0025.jpg'><img width=\"300\" height=\"300\" src=\"https:\/\/freszgallery.pl\/en\/wp-content\/uploads\/2015\/05\/IMG_0025-300x300.jpg\" class=\"attachment-thumbnail size-thumbnail\" alt=\"\" loading=\"lazy\" srcset=\"https:\/\/freszgallery.pl\/en\/wp-content\/uploads\/2015\/05\/IMG_0025-300x300.jpg 300w, https:\/\/freszgallery.pl\/en\/wp-content\/uploads\/2015\/05\/IMG_0025-100x100.jpg 100w, https:\/\/freszgallery.pl\/en\/wp-content\/uploads\/2015\/05\/IMG_0025-190x190.jpg 190w, https:\/\/freszgallery.pl\/en\/wp-content\/uploads\/2015\/05\/IMG_0025-140x140.jpg 140w, https:\/\/freszgallery.pl\/en\/wp-content\/uploads\/2015\/05\/IMG_0025-300x300@2x.jpg 600w, https:\/\/freszgallery.pl\/en\/wp-content\/uploads\/2015\/05\/IMG_0025-190x190@2x.jpg 380w, https:\/\/freszgallery.pl\/en\/wp-content\/uploads\/2015\/05\/IMG_0025-140x140@2x.jpg 280w, https:\/\/freszgallery.pl\/en\/wp-content\/uploads\/2015\/05\/IMG_0025-380x380@2x.jpg 760w, https:\/\/freszgallery.pl\/en\/wp-content\/uploads\/2015\/05\/IMG_0025-280x280@2x.jpg 560w\" sizes=\"(max-width: 300px) 100vw, 300px\" \/><\/a>\n\t\t\t<\/dt><\/dl><dl class='gallery-item'>\n\t\t\t<dt class='gallery-icon landscape'>\n\t\t\t\t<a class=\"fresco\" data-fresco-group=\"\" href='https:\/\/freszgallery.pl\/en\/wp-content\/uploads\/2015\/05\/IMG_0026.jpg'><img width=\"300\" height=\"300\" src=\"https:\/\/freszgallery.pl\/en\/wp-content\/uploads\/2015\/05\/IMG_0026-300x300.jpg\" class=\"attachment-thumbnail size-thumbnail\" alt=\"\" loading=\"lazy\" srcset=\"https:\/\/freszgallery.pl\/en\/wp-content\/uploads\/2015\/05\/IMG_0026-300x300.jpg 300w, https:\/\/freszgallery.pl\/en\/wp-content\/uploads\/2015\/05\/IMG_0026-100x100.jpg 100w, https:\/\/freszgallery.pl\/en\/wp-content\/uploads\/2015\/05\/IMG_0026-190x190.jpg 190w, https:\/\/freszgallery.pl\/en\/wp-content\/uploads\/2015\/05\/IMG_0026-140x140.jpg 140w, https:\/\/freszgallery.pl\/en\/wp-content\/uploads\/2015\/05\/IMG_0026-300x300@2x.jpg 600w, https:\/\/freszgallery.pl\/en\/wp-content\/uploads\/2015\/05\/IMG_0026-190x190@2x.jpg 380w, https:\/\/freszgallery.pl\/en\/wp-content\/uploads\/2015\/05\/IMG_0026-140x140@2x.jpg 280w, https:\/\/freszgallery.pl\/en\/wp-content\/uploads\/2015\/05\/IMG_0026-380x380@2x.jpg 760w, https:\/\/freszgallery.pl\/en\/wp-content\/uploads\/2015\/05\/IMG_0026-280x280@2x.jpg 560w\" sizes=\"(max-width: 300px) 100vw, 300px\" \/><\/a>\n\t\t\t<\/dt><\/dl><dl class='gallery-item'>\n\t\t\t<dt class='gallery-icon landscape'>\n\t\t\t\t<a class=\"fresco\" data-fresco-group=\"\" href='https:\/\/freszgallery.pl\/en\/wp-content\/uploads\/2015\/05\/IMG_0028.jpg'><img width=\"300\" height=\"300\" src=\"https:\/\/freszgallery.pl\/en\/wp-content\/uploads\/2015\/05\/IMG_0028-300x300.jpg\" class=\"attachment-thumbnail size-thumbnail\" alt=\"\" loading=\"lazy\" srcset=\"https:\/\/freszgallery.pl\/en\/wp-content\/uploads\/2015\/05\/IMG_0028-300x300.jpg 300w, https:\/\/freszgallery.pl\/en\/wp-content\/uploads\/2015\/05\/IMG_0028-100x100.jpg 100w, https:\/\/freszgallery.pl\/en\/wp-content\/uploads\/2015\/05\/IMG_0028-190x190.jpg 190w, https:\/\/freszgallery.pl\/en\/wp-content\/uploads\/2015\/05\/IMG_0028-140x140.jpg 140w, https:\/\/freszgallery.pl\/en\/wp-content\/uploads\/2015\/05\/IMG_0028-300x300@2x.jpg 600w, https:\/\/freszgallery.pl\/en\/wp-content\/uploads\/2015\/05\/IMG_0028-190x190@2x.jpg 380w, https:\/\/freszgallery.pl\/en\/wp-content\/uploads\/2015\/05\/IMG_0028-140x140@2x.jpg 280w, https:\/\/freszgallery.pl\/en\/wp-content\/uploads\/2015\/05\/IMG_0028-600x600@2x.jpg 1200w, https:\/\/freszgallery.pl\/en\/wp-content\/uploads\/2015\/05\/IMG_0028-380x380@2x.jpg 760w, https:\/\/freszgallery.pl\/en\/wp-content\/uploads\/2015\/05\/IMG_0028-280x280@2x.jpg 560w\" sizes=\"(max-width: 300px) 100vw, 300px\" \/><\/a>\n\t\t\t<\/dt><\/dl><br style=\"clear: both\" \/><dl class='gallery-item'>\n\t\t\t<dt class='gallery-icon landscape'>\n\t\t\t\t<a class=\"fresco\" data-fresco-group=\"\" href='https:\/\/freszgallery.pl\/en\/wp-content\/uploads\/2015\/05\/IMG_0030.jpg'><img width=\"300\" height=\"300\" src=\"https:\/\/freszgallery.pl\/en\/wp-content\/uploads\/2015\/05\/IMG_0030-300x300.jpg\" class=\"attachment-thumbnail size-thumbnail\" alt=\"\" loading=\"lazy\" srcset=\"https:\/\/freszgallery.pl\/en\/wp-content\/uploads\/2015\/05\/IMG_0030-300x300.jpg 300w, https:\/\/freszgallery.pl\/en\/wp-content\/uploads\/2015\/05\/IMG_0030-100x100.jpg 100w, https:\/\/freszgallery.pl\/en\/wp-content\/uploads\/2015\/05\/IMG_0030-190x190.jpg 190w, https:\/\/freszgallery.pl\/en\/wp-content\/uploads\/2015\/05\/IMG_0030-140x140.jpg 140w, https:\/\/freszgallery.pl\/en\/wp-content\/uploads\/2015\/05\/IMG_0030-300x300@2x.jpg 600w, https:\/\/freszgallery.pl\/en\/wp-content\/uploads\/2015\/05\/IMG_0030-190x190@2x.jpg 380w, https:\/\/freszgallery.pl\/en\/wp-content\/uploads\/2015\/05\/IMG_0030-140x140@2x.jpg 280w, https:\/\/freszgallery.pl\/en\/wp-content\/uploads\/2015\/05\/IMG_0030-600x600@2x.jpg 1200w, https:\/\/freszgallery.pl\/en\/wp-content\/uploads\/2015\/05\/IMG_0030-380x380@2x.jpg 760w, https:\/\/freszgallery.pl\/en\/wp-content\/uploads\/2015\/05\/IMG_0030-280x280@2x.jpg 560w\" sizes=\"(max-width: 300px) 100vw, 300px\" \/><\/a>\n\t\t\t<\/dt><\/dl><dl class='gallery-item'>\n\t\t\t<dt class='gallery-icon landscape'>\n\t\t\t\t<a class=\"fresco\" data-fresco-group=\"\" href='https:\/\/freszgallery.pl\/en\/wp-content\/uploads\/2015\/05\/IMG_0034.jpg'><img width=\"300\" height=\"300\" src=\"https:\/\/freszgallery.pl\/en\/wp-content\/uploads\/2015\/05\/IMG_0034-300x300.jpg\" class=\"attachment-thumbnail size-thumbnail\" alt=\"\" loading=\"lazy\" srcset=\"https:\/\/freszgallery.pl\/en\/wp-content\/uploads\/2015\/05\/IMG_0034-300x300.jpg 300w, https:\/\/freszgallery.pl\/en\/wp-content\/uploads\/2015\/05\/IMG_0034-100x100.jpg 100w, https:\/\/freszgallery.pl\/en\/wp-content\/uploads\/2015\/05\/IMG_0034-190x190.jpg 190w, https:\/\/freszgallery.pl\/en\/wp-content\/uploads\/2015\/05\/IMG_0034-140x140.jpg 140w, https:\/\/freszgallery.pl\/en\/wp-content\/uploads\/2015\/05\/IMG_0034-300x300@2x.jpg 600w, https:\/\/freszgallery.pl\/en\/wp-content\/uploads\/2015\/05\/IMG_0034-190x190@2x.jpg 380w, https:\/\/freszgallery.pl\/en\/wp-content\/uploads\/2015\/05\/IMG_0034-140x140@2x.jpg 280w, https:\/\/freszgallery.pl\/en\/wp-content\/uploads\/2015\/05\/IMG_0034-600x600@2x.jpg 1200w, https:\/\/freszgallery.pl\/en\/wp-content\/uploads\/2015\/05\/IMG_0034-380x380@2x.jpg 760w, https:\/\/freszgallery.pl\/en\/wp-content\/uploads\/2015\/05\/IMG_0034-280x280@2x.jpg 560w\" sizes=\"(max-width: 300px) 100vw, 300px\" \/><\/a>\n\t\t\t<\/dt><\/dl><dl class='gallery-item'>\n\t\t\t<dt class='gallery-icon landscape'>\n\t\t\t\t<a class=\"fresco\" data-fresco-group=\"\" href='https:\/\/freszgallery.pl\/en\/wp-content\/uploads\/2015\/05\/IMG_0036.jpg'><img width=\"300\" height=\"300\" src=\"https:\/\/freszgallery.pl\/en\/wp-content\/uploads\/2015\/05\/IMG_0036-300x300.jpg\" class=\"attachment-thumbnail size-thumbnail\" alt=\"\" loading=\"lazy\" srcset=\"https:\/\/freszgallery.pl\/en\/wp-content\/uploads\/2015\/05\/IMG_0036-300x300.jpg 300w, https:\/\/freszgallery.pl\/en\/wp-content\/uploads\/2015\/05\/IMG_0036-100x100.jpg 100w, https:\/\/freszgallery.pl\/en\/wp-content\/uploads\/2015\/05\/IMG_0036-1180x1181.jpg 1180w, https:\/\/freszgallery.pl\/en\/wp-content\/uploads\/2015\/05\/IMG_0036-190x190.jpg 190w, https:\/\/freszgallery.pl\/en\/wp-content\/uploads\/2015\/05\/IMG_0036-140x140.jpg 140w, https:\/\/freszgallery.pl\/en\/wp-content\/uploads\/2015\/05\/IMG_0036-300x300@2x.jpg 600w, https:\/\/freszgallery.pl\/en\/wp-content\/uploads\/2015\/05\/IMG_0036-190x190@2x.jpg 380w, https:\/\/freszgallery.pl\/en\/wp-content\/uploads\/2015\/05\/IMG_0036-140x140@2x.jpg 280w, https:\/\/freszgallery.pl\/en\/wp-content\/uploads\/2015\/05\/IMG_0036-380x380@2x.jpg 760w, https:\/\/freszgallery.pl\/en\/wp-content\/uploads\/2015\/05\/IMG_0036-280x280@2x.jpg 560w\" sizes=\"(max-width: 300px) 100vw, 300px\" \/><\/a>\n\t\t\t<\/dt><\/dl><dl class='gallery-item'>\n\t\t\t<dt class='gallery-icon landscape'>\n\t\t\t\t<a class=\"fresco\" data-fresco-group=\"\" href='https:\/\/freszgallery.pl\/en\/wp-content\/uploads\/2015\/05\/IMG_0039.jpg'><img width=\"300\" height=\"300\" src=\"https:\/\/freszgallery.pl\/en\/wp-content\/uploads\/2015\/05\/IMG_0039-300x300.jpg\" class=\"attachment-thumbnail size-thumbnail\" alt=\"\" loading=\"lazy\" srcset=\"https:\/\/freszgallery.pl\/en\/wp-content\/uploads\/2015\/05\/IMG_0039-300x300.jpg 300w, https:\/\/freszgallery.pl\/en\/wp-content\/uploads\/2015\/05\/IMG_0039-100x100.jpg 100w, https:\/\/freszgallery.pl\/en\/wp-content\/uploads\/2015\/05\/IMG_0039-190x190.jpg 190w, https:\/\/freszgallery.pl\/en\/wp-content\/uploads\/2015\/05\/IMG_0039-140x140.jpg 140w, https:\/\/freszgallery.pl\/en\/wp-content\/uploads\/2015\/05\/IMG_0039-300x300@2x.jpg 600w, https:\/\/freszgallery.pl\/en\/wp-content\/uploads\/2015\/05\/IMG_0039-190x190@2x.jpg 380w, https:\/\/freszgallery.pl\/en\/wp-content\/uploads\/2015\/05\/IMG_0039-140x140@2x.jpg 280w, https:\/\/freszgallery.pl\/en\/wp-content\/uploads\/2015\/05\/IMG_0039-380x380@2x.jpg 760w, https:\/\/freszgallery.pl\/en\/wp-content\/uploads\/2015\/05\/IMG_0039-280x280@2x.jpg 560w\" sizes=\"(max-width: 300px) 100vw, 300px\" \/><\/a>\n\t\t\t<\/dt><\/dl><br style=\"clear: both\" \/><dl class='gallery-item'>\n\t\t\t<dt class='gallery-icon portrait'>\n\t\t\t\t<a class=\"fresco\" data-fresco-group=\"\" href='https:\/\/freszgallery.pl\/en\/wp-content\/uploads\/2015\/05\/IMG_0082.jpg'><img width=\"300\" height=\"300\" src=\"https:\/\/freszgallery.pl\/en\/wp-content\/uploads\/2015\/05\/IMG_0082-300x300.jpg\" class=\"attachment-thumbnail size-thumbnail\" alt=\"\" loading=\"lazy\" srcset=\"https:\/\/freszgallery.pl\/en\/wp-content\/uploads\/2015\/05\/IMG_0082-300x300.jpg 300w, https:\/\/freszgallery.pl\/en\/wp-content\/uploads\/2015\/05\/IMG_0082-100x100.jpg 100w, https:\/\/freszgallery.pl\/en\/wp-content\/uploads\/2015\/05\/IMG_0082-190x190.jpg 190w, https:\/\/freszgallery.pl\/en\/wp-content\/uploads\/2015\/05\/IMG_0082-140x140.jpg 140w, https:\/\/freszgallery.pl\/en\/wp-content\/uploads\/2015\/05\/IMG_0082-300x300@2x.jpg 600w, https:\/\/freszgallery.pl\/en\/wp-content\/uploads\/2015\/05\/IMG_0082-190x190@2x.jpg 380w, https:\/\/freszgallery.pl\/en\/wp-content\/uploads\/2015\/05\/IMG_0082-140x140@2x.jpg 280w, https:\/\/freszgallery.pl\/en\/wp-content\/uploads\/2015\/05\/IMG_0082-380x380@2x.jpg 760w, https:\/\/freszgallery.pl\/en\/wp-content\/uploads\/2015\/05\/IMG_0082-280x280@2x.jpg 560w\" sizes=\"(max-width: 300px) 100vw, 300px\" \/><\/a>\n\t\t\t<\/dt><\/dl>\n\t\t\t<br style='clear: both' \/>\n\t\t<\/div>\n\n<p>Jungla. Nocne stwory jest animalistyczn\u0105 opowie\u015bci\u0105 o kontra\u015bcie nocy i dnia. Jawno\u015bci i niejawno\u015bci, poczuciu bezpiecze\u0144stwa i zagro\u017cenia. Artysta proponuje dwie malarskie serie podzielone wizualnie i symbolicznie na dwie pory dnia. Podczas dnia Szelc inspiruje si\u0119 delikatn\u0105, czasem ilustracyjn\u0105 estetyk\u0105 komiksu, czerpi\u0105c przy tym inspiracje z Disneya, \u015bwiata kresk\u00f3wek, zabawek i bajek. Wchodz\u0105c w \u015bwiat Jungli (\u2026) za dnia mo\u017cemy napotka\u0107 cudaczne ma\u0142py, tygrysy, jaszczury i hipy zach\u0119caj\u0105ce do podej\u015bcia, dotkni\u0119cia, poznania. Noc\u0105 do\u015bwiadczamy l\u0119ku i niepokoju. Istoty z obraz\u00f3w czaj\u0105 si\u0119, ukrywaj\u0105c ich wizerunki artysta ujawnia nam ich mroczn\u0105 stron\u0119, pe\u0142n\u0105 dziko\u015bci, szale\u0144stwa i niebezpiecze\u0144stwa. Zderzaj\u0105c ze sob\u0105 te dwa \u015bwiaty, dnia i nocy, wystawa odkrywa przed nami dualizm ka\u017cdej sytuacji oraz najja\u015bniejsze i najbardziej mroczne zakamarki naszej percepcji. Za dnia malarstwo Szelca jest estetycznie zachowawcze, noc\u0105 za\u015b wkrada si\u0119 w nie formalne ryzyko.<\/p>\n","protected":false},"excerpt":{"rendered":"<p>Jungla. Nocne stwory jest animalistyczn\u0105 opowie\u015bci\u0105 o kontra\u015bcie nocy i dnia. Jawno\u015bci i niejawno\u015bci, poczuciu bezpiecze\u0144stwa i zagro\u017cenia. Artysta proponuje dwie malarskie serie podzielone wizualnie i symbolicznie na dwie pory dnia. Podczas dnia Szelc inspiruje si\u0119 delikatn\u0105, czasem ilustracyjn\u0105 estetyk\u0105 komiksu, czerpi\u0105c przy tym inspiracje z Disneya, \u015bwiata kresk\u00f3wek, zabawek i bajek. Wchodz\u0105c w \u015bwiat <\/p>\n","protected":false},"author":2,"featured_media":0,"parent":1302,"menu_order":0,"comment_status":"open","ping_status":"open","template":"","meta":[],"aioseo_notices":[],"_links":{"self":[{"href":"https:\/\/freszgallery.pl\/en\/wp-json\/wp\/v2\/pages\/3688"}],"collection":[{"href":"https:\/\/freszgallery.pl\/en\/wp-json\/wp\/v2\/pages"}],"about":[{"href":"https:\/\/freszgallery.pl\/en\/wp-json\/wp\/v2\/types\/page"}],"author":[{"embeddable":true,"href":"https:\/\/freszgallery.pl\/en\/wp-json\/wp\/v2\/users\/2"}],"replies":[{"embeddable":true,"href":"https:\/\/freszgallery.pl\/en\/wp-json\/wp\/v2\/comments?post=3688"}],"version-history":[{"count":1,"href":"https:\/\/freszgallery.pl\/en\/wp-json\/wp\/v2\/pages\/3688\/revisions"}],"predecessor-version":[{"id":4408,"href":"https:\/\/freszgallery.pl\/en\/wp-json\/wp\/v2\/pages\/3688\/revisions\/4408"}],"up":[{"embeddable":true,"href":"https:\/\/freszgallery.pl\/en\/wp-json\/wp\/v2\/pages\/1302"}],"wp:attachment":[{"href":"https:\/\/freszgallery.pl\/en\/wp-json\/wp\/v2\/media?parent=3688"}],"curies":[{"name":"wp","href":"https:\/\/api.w.org\/{rel}","templated":true}]}}