{"id":3686,"date":"2015-04-01T19:10:12","date_gmt":"2015-04-01T19:10:12","guid":{"rendered":"http:\/\/freszgallery.pl\/?page_id=1376"},"modified":"2019-07-05T10:57:38","modified_gmt":"2019-07-05T10:57:38","slug":"zdjecia-z-wernisazu-wystawy-martyny-borowieckiej-2","status":"publish","type":"page","link":"https:\/\/freszgallery.pl\/en\/wystawy\/zdjecia-z-wernisazu-wystawy-martyny-borowieckiej-2\/","title":{"rendered":"Photos from Martyna Borowiecka&#8217;s &#8220;Pre-plan&#8221;"},"content":{"rendered":"\n\t\t<style type=\"text\/css\">\n\t\t\t#gallery-1 {\n\t\t\t\tmargin: auto;\n\t\t\t}\n\t\t\t#gallery-1 .gallery-item {\n\t\t\t\tfloat: left;\n\t\t\t\tmargin-top: 10px;\n\t\t\t\ttext-align: center;\n\t\t\t\twidth: 25%;\n\t\t\t}\n\t\t\t#gallery-1 img {\n\t\t\t\tborder: 2px solid #cfcfcf;\n\t\t\t}\n\t\t\t#gallery-1 .gallery-caption {\n\t\t\t\tmargin-left: 0;\n\t\t\t}\n\t\t\t\/* see gallery_shortcode() in wp-includes\/media.php *\/\n\t\t<\/style>\n\t\t<div id='gallery-1' class='gallery galleryid-3686 gallery-columns-4 gallery-size-thumbnail'><dl class='gallery-item'>\n\t\t\t<dt class='gallery-icon landscape'>\n\t\t\t\t<a class=\"fresco\" data-fresco-group=\"\" href='https:\/\/freszgallery.pl\/en\/wp-content\/uploads\/2015\/04\/DSC_0215_.jpg'><img width=\"300\" height=\"300\" src=\"https:\/\/freszgallery.pl\/en\/wp-content\/uploads\/2015\/04\/DSC_0215_-300x300.jpg\" class=\"attachment-thumbnail size-thumbnail\" alt=\"\" loading=\"lazy\" srcset=\"https:\/\/freszgallery.pl\/en\/wp-content\/uploads\/2015\/04\/DSC_0215_-300x300.jpg 300w, https:\/\/freszgallery.pl\/en\/wp-content\/uploads\/2015\/04\/DSC_0215_-100x100.jpg 100w, https:\/\/freszgallery.pl\/en\/wp-content\/uploads\/2015\/04\/DSC_0215_-190x190.jpg 190w, https:\/\/freszgallery.pl\/en\/wp-content\/uploads\/2015\/04\/DSC_0215_-140x140.jpg 140w, https:\/\/freszgallery.pl\/en\/wp-content\/uploads\/2015\/04\/DSC_0215_-190x190@2x.jpg 380w, https:\/\/freszgallery.pl\/en\/wp-content\/uploads\/2015\/04\/DSC_0215_-140x140@2x.jpg 280w\" sizes=\"(max-width: 300px) 100vw, 300px\" \/><\/a>\n\t\t\t<\/dt><\/dl><dl class='gallery-item'>\n\t\t\t<dt class='gallery-icon portrait'>\n\t\t\t\t<a class=\"fresco\" data-fresco-group=\"\" href='https:\/\/freszgallery.pl\/en\/wp-content\/uploads\/2015\/04\/DSC_0219_.jpg'><img width=\"300\" height=\"300\" src=\"https:\/\/freszgallery.pl\/en\/wp-content\/uploads\/2015\/04\/DSC_0219_-300x300.jpg\" class=\"attachment-thumbnail size-thumbnail\" alt=\"\" loading=\"lazy\" srcset=\"https:\/\/freszgallery.pl\/en\/wp-content\/uploads\/2015\/04\/DSC_0219_-300x300.jpg 300w, https:\/\/freszgallery.pl\/en\/wp-content\/uploads\/2015\/04\/DSC_0219_-100x100.jpg 100w, https:\/\/freszgallery.pl\/en\/wp-content\/uploads\/2015\/04\/DSC_0219_-190x190.jpg 190w, https:\/\/freszgallery.pl\/en\/wp-content\/uploads\/2015\/04\/DSC_0219_-140x140.jpg 140w, https:\/\/freszgallery.pl\/en\/wp-content\/uploads\/2015\/04\/DSC_0219_-300x300@2x.jpg 600w, https:\/\/freszgallery.pl\/en\/wp-content\/uploads\/2015\/04\/DSC_0219_-190x190@2x.jpg 380w, https:\/\/freszgallery.pl\/en\/wp-content\/uploads\/2015\/04\/DSC_0219_-140x140@2x.jpg 280w, https:\/\/freszgallery.pl\/en\/wp-content\/uploads\/2015\/04\/DSC_0219_-380x380@2x.jpg 760w, https:\/\/freszgallery.pl\/en\/wp-content\/uploads\/2015\/04\/DSC_0219_-280x280@2x.jpg 560w\" sizes=\"(max-width: 300px) 100vw, 300px\" \/><\/a>\n\t\t\t<\/dt><\/dl><dl class='gallery-item'>\n\t\t\t<dt class='gallery-icon landscape'>\n\t\t\t\t<a class=\"fresco\" data-fresco-group=\"\" href='https:\/\/freszgallery.pl\/en\/wp-content\/uploads\/2015\/04\/DSC_0224_.jpg'><img width=\"300\" height=\"300\" src=\"https:\/\/freszgallery.pl\/en\/wp-content\/uploads\/2015\/04\/DSC_0224_-300x300.jpg\" class=\"attachment-thumbnail size-thumbnail\" alt=\"\" loading=\"lazy\" srcset=\"https:\/\/freszgallery.pl\/en\/wp-content\/uploads\/2015\/04\/DSC_0224_-300x300.jpg 300w, https:\/\/freszgallery.pl\/en\/wp-content\/uploads\/2015\/04\/DSC_0224_-100x100.jpg 100w, https:\/\/freszgallery.pl\/en\/wp-content\/uploads\/2015\/04\/DSC_0224_-190x190.jpg 190w, https:\/\/freszgallery.pl\/en\/wp-content\/uploads\/2015\/04\/DSC_0224_-140x140.jpg 140w, https:\/\/freszgallery.pl\/en\/wp-content\/uploads\/2015\/04\/DSC_0224_-300x300@2x.jpg 600w, https:\/\/freszgallery.pl\/en\/wp-content\/uploads\/2015\/04\/DSC_0224_-190x190@2x.jpg 380w, https:\/\/freszgallery.pl\/en\/wp-content\/uploads\/2015\/04\/DSC_0224_-140x140@2x.jpg 280w, https:\/\/freszgallery.pl\/en\/wp-content\/uploads\/2015\/04\/DSC_0224_-380x380@2x.jpg 760w, https:\/\/freszgallery.pl\/en\/wp-content\/uploads\/2015\/04\/DSC_0224_-280x280@2x.jpg 560w\" sizes=\"(max-width: 300px) 100vw, 300px\" \/><\/a>\n\t\t\t<\/dt><\/dl><dl class='gallery-item'>\n\t\t\t<dt class='gallery-icon landscape'>\n\t\t\t\t<a class=\"fresco\" data-fresco-group=\"\" href='https:\/\/freszgallery.pl\/en\/wp-content\/uploads\/2015\/04\/DSC_0227_.jpg'><img width=\"300\" height=\"300\" src=\"https:\/\/freszgallery.pl\/en\/wp-content\/uploads\/2015\/04\/DSC_0227_-300x300.jpg\" class=\"attachment-thumbnail size-thumbnail\" alt=\"\" loading=\"lazy\" srcset=\"https:\/\/freszgallery.pl\/en\/wp-content\/uploads\/2015\/04\/DSC_0227_-300x300.jpg 300w, https:\/\/freszgallery.pl\/en\/wp-content\/uploads\/2015\/04\/DSC_0227_-100x100.jpg 100w, https:\/\/freszgallery.pl\/en\/wp-content\/uploads\/2015\/04\/DSC_0227_-190x190.jpg 190w, https:\/\/freszgallery.pl\/en\/wp-content\/uploads\/2015\/04\/DSC_0227_-140x140.jpg 140w, https:\/\/freszgallery.pl\/en\/wp-content\/uploads\/2015\/04\/DSC_0227_-190x190@2x.jpg 380w, https:\/\/freszgallery.pl\/en\/wp-content\/uploads\/2015\/04\/DSC_0227_-140x140@2x.jpg 280w\" sizes=\"(max-width: 300px) 100vw, 300px\" \/><\/a>\n\t\t\t<\/dt><\/dl><br style=\"clear: both\" \/><dl class='gallery-item'>\n\t\t\t<dt class='gallery-icon landscape'>\n\t\t\t\t<a class=\"fresco\" data-fresco-group=\"\" href='https:\/\/freszgallery.pl\/en\/wp-content\/uploads\/2015\/04\/DSC_0230_.jpg'><img width=\"300\" height=\"300\" src=\"https:\/\/freszgallery.pl\/en\/wp-content\/uploads\/2015\/04\/DSC_0230_-300x300.jpg\" class=\"attachment-thumbnail size-thumbnail\" alt=\"\" loading=\"lazy\" srcset=\"https:\/\/freszgallery.pl\/en\/wp-content\/uploads\/2015\/04\/DSC_0230_-300x300.jpg 300w, https:\/\/freszgallery.pl\/en\/wp-content\/uploads\/2015\/04\/DSC_0230_-100x100.jpg 100w, https:\/\/freszgallery.pl\/en\/wp-content\/uploads\/2015\/04\/DSC_0230_-190x190.jpg 190w, https:\/\/freszgallery.pl\/en\/wp-content\/uploads\/2015\/04\/DSC_0230_-140x140.jpg 140w, https:\/\/freszgallery.pl\/en\/wp-content\/uploads\/2015\/04\/DSC_0230_-300x300@2x.jpg 600w, https:\/\/freszgallery.pl\/en\/wp-content\/uploads\/2015\/04\/DSC_0230_-190x190@2x.jpg 380w, https:\/\/freszgallery.pl\/en\/wp-content\/uploads\/2015\/04\/DSC_0230_-140x140@2x.jpg 280w, https:\/\/freszgallery.pl\/en\/wp-content\/uploads\/2015\/04\/DSC_0230_-380x380@2x.jpg 760w, https:\/\/freszgallery.pl\/en\/wp-content\/uploads\/2015\/04\/DSC_0230_-280x280@2x.jpg 560w\" sizes=\"(max-width: 300px) 100vw, 300px\" \/><\/a>\n\t\t\t<\/dt><\/dl><dl class='gallery-item'>\n\t\t\t<dt class='gallery-icon landscape'>\n\t\t\t\t<a class=\"fresco\" data-fresco-group=\"\" href='https:\/\/freszgallery.pl\/en\/wp-content\/uploads\/2015\/04\/DSC_0231_.jpg'><img width=\"300\" height=\"300\" src=\"https:\/\/freszgallery.pl\/en\/wp-content\/uploads\/2015\/04\/DSC_0231_-300x300.jpg\" class=\"attachment-thumbnail size-thumbnail\" alt=\"\" loading=\"lazy\" srcset=\"https:\/\/freszgallery.pl\/en\/wp-content\/uploads\/2015\/04\/DSC_0231_-300x300.jpg 300w, https:\/\/freszgallery.pl\/en\/wp-content\/uploads\/2015\/04\/DSC_0231_-100x100.jpg 100w, https:\/\/freszgallery.pl\/en\/wp-content\/uploads\/2015\/04\/DSC_0231_-190x190.jpg 190w, https:\/\/freszgallery.pl\/en\/wp-content\/uploads\/2015\/04\/DSC_0231_-140x140.jpg 140w, https:\/\/freszgallery.pl\/en\/wp-content\/uploads\/2015\/04\/DSC_0231_-300x300@2x.jpg 600w, https:\/\/freszgallery.pl\/en\/wp-content\/uploads\/2015\/04\/DSC_0231_-190x190@2x.jpg 380w, https:\/\/freszgallery.pl\/en\/wp-content\/uploads\/2015\/04\/DSC_0231_-140x140@2x.jpg 280w, https:\/\/freszgallery.pl\/en\/wp-content\/uploads\/2015\/04\/DSC_0231_-380x380@2x.jpg 760w, https:\/\/freszgallery.pl\/en\/wp-content\/uploads\/2015\/04\/DSC_0231_-280x280@2x.jpg 560w\" sizes=\"(max-width: 300px) 100vw, 300px\" \/><\/a>\n\t\t\t<\/dt><\/dl><dl class='gallery-item'>\n\t\t\t<dt class='gallery-icon landscape'>\n\t\t\t\t<a class=\"fresco\" data-fresco-group=\"\" href='https:\/\/freszgallery.pl\/en\/wp-content\/uploads\/2015\/04\/DSC_0237_.jpg'><img width=\"300\" height=\"300\" src=\"https:\/\/freszgallery.pl\/en\/wp-content\/uploads\/2015\/04\/DSC_0237_-300x300.jpg\" class=\"attachment-thumbnail size-thumbnail\" alt=\"\" loading=\"lazy\" srcset=\"https:\/\/freszgallery.pl\/en\/wp-content\/uploads\/2015\/04\/DSC_0237_-300x300.jpg 300w, https:\/\/freszgallery.pl\/en\/wp-content\/uploads\/2015\/04\/DSC_0237_-100x100.jpg 100w, https:\/\/freszgallery.pl\/en\/wp-content\/uploads\/2015\/04\/DSC_0237_-190x190.jpg 190w, https:\/\/freszgallery.pl\/en\/wp-content\/uploads\/2015\/04\/DSC_0237_-140x140.jpg 140w, https:\/\/freszgallery.pl\/en\/wp-content\/uploads\/2015\/04\/DSC_0237_-190x190@2x.jpg 380w, https:\/\/freszgallery.pl\/en\/wp-content\/uploads\/2015\/04\/DSC_0237_-140x140@2x.jpg 280w\" sizes=\"(max-width: 300px) 100vw, 300px\" \/><\/a>\n\t\t\t<\/dt><\/dl><dl class='gallery-item'>\n\t\t\t<dt class='gallery-icon landscape'>\n\t\t\t\t<a class=\"fresco\" data-fresco-group=\"\" href='https:\/\/freszgallery.pl\/en\/wp-content\/uploads\/2015\/04\/DSC_0239_.jpg'><img width=\"300\" height=\"300\" src=\"https:\/\/freszgallery.pl\/en\/wp-content\/uploads\/2015\/04\/DSC_0239_-300x300.jpg\" class=\"attachment-thumbnail size-thumbnail\" alt=\"\" loading=\"lazy\" srcset=\"https:\/\/freszgallery.pl\/en\/wp-content\/uploads\/2015\/04\/DSC_0239_-300x300.jpg 300w, https:\/\/freszgallery.pl\/en\/wp-content\/uploads\/2015\/04\/DSC_0239_-100x100.jpg 100w, https:\/\/freszgallery.pl\/en\/wp-content\/uploads\/2015\/04\/DSC_0239_-190x190.jpg 190w, https:\/\/freszgallery.pl\/en\/wp-content\/uploads\/2015\/04\/DSC_0239_-140x140.jpg 140w, https:\/\/freszgallery.pl\/en\/wp-content\/uploads\/2015\/04\/DSC_0239_-300x300@2x.jpg 600w, https:\/\/freszgallery.pl\/en\/wp-content\/uploads\/2015\/04\/DSC_0239_-190x190@2x.jpg 380w, https:\/\/freszgallery.pl\/en\/wp-content\/uploads\/2015\/04\/DSC_0239_-140x140@2x.jpg 280w, https:\/\/freszgallery.pl\/en\/wp-content\/uploads\/2015\/04\/DSC_0239_-380x380@2x.jpg 760w, https:\/\/freszgallery.pl\/en\/wp-content\/uploads\/2015\/04\/DSC_0239_-280x280@2x.jpg 560w\" sizes=\"(max-width: 300px) 100vw, 300px\" \/><\/a>\n\t\t\t<\/dt><\/dl><br style=\"clear: both\" \/><dl class='gallery-item'>\n\t\t\t<dt class='gallery-icon landscape'>\n\t\t\t\t<a class=\"fresco\" data-fresco-group=\"\" href='https:\/\/freszgallery.pl\/en\/wp-content\/uploads\/2015\/04\/DSC_0241_.jpg'><img width=\"300\" height=\"300\" src=\"https:\/\/freszgallery.pl\/en\/wp-content\/uploads\/2015\/04\/DSC_0241_-300x300.jpg\" class=\"attachment-thumbnail size-thumbnail\" alt=\"\" loading=\"lazy\" srcset=\"https:\/\/freszgallery.pl\/en\/wp-content\/uploads\/2015\/04\/DSC_0241_-300x300.jpg 300w, https:\/\/freszgallery.pl\/en\/wp-content\/uploads\/2015\/04\/DSC_0241_-100x100.jpg 100w, https:\/\/freszgallery.pl\/en\/wp-content\/uploads\/2015\/04\/DSC_0241_-190x190.jpg 190w, https:\/\/freszgallery.pl\/en\/wp-content\/uploads\/2015\/04\/DSC_0241_-140x140.jpg 140w, https:\/\/freszgallery.pl\/en\/wp-content\/uploads\/2015\/04\/DSC_0241_-300x300@2x.jpg 600w, https:\/\/freszgallery.pl\/en\/wp-content\/uploads\/2015\/04\/DSC_0241_-190x190@2x.jpg 380w, https:\/\/freszgallery.pl\/en\/wp-content\/uploads\/2015\/04\/DSC_0241_-140x140@2x.jpg 280w, https:\/\/freszgallery.pl\/en\/wp-content\/uploads\/2015\/04\/DSC_0241_-380x380@2x.jpg 760w, https:\/\/freszgallery.pl\/en\/wp-content\/uploads\/2015\/04\/DSC_0241_-280x280@2x.jpg 560w\" sizes=\"(max-width: 300px) 100vw, 300px\" \/><\/a>\n\t\t\t<\/dt><\/dl><dl class='gallery-item'>\n\t\t\t<dt class='gallery-icon landscape'>\n\t\t\t\t<a class=\"fresco\" data-fresco-group=\"\" href='https:\/\/freszgallery.pl\/en\/wp-content\/uploads\/2015\/04\/DSC_0247_.jpg'><img width=\"300\" height=\"300\" src=\"https:\/\/freszgallery.pl\/en\/wp-content\/uploads\/2015\/04\/DSC_0247_-300x300.jpg\" class=\"attachment-thumbnail size-thumbnail\" alt=\"\" loading=\"lazy\" srcset=\"https:\/\/freszgallery.pl\/en\/wp-content\/uploads\/2015\/04\/DSC_0247_-300x300.jpg 300w, https:\/\/freszgallery.pl\/en\/wp-content\/uploads\/2015\/04\/DSC_0247_-100x100.jpg 100w, https:\/\/freszgallery.pl\/en\/wp-content\/uploads\/2015\/04\/DSC_0247_-190x190.jpg 190w, https:\/\/freszgallery.pl\/en\/wp-content\/uploads\/2015\/04\/DSC_0247_-140x140.jpg 140w, https:\/\/freszgallery.pl\/en\/wp-content\/uploads\/2015\/04\/DSC_0247_-300x300@2x.jpg 600w, https:\/\/freszgallery.pl\/en\/wp-content\/uploads\/2015\/04\/DSC_0247_-190x190@2x.jpg 380w, https:\/\/freszgallery.pl\/en\/wp-content\/uploads\/2015\/04\/DSC_0247_-140x140@2x.jpg 280w, https:\/\/freszgallery.pl\/en\/wp-content\/uploads\/2015\/04\/DSC_0247_-380x380@2x.jpg 760w, https:\/\/freszgallery.pl\/en\/wp-content\/uploads\/2015\/04\/DSC_0247_-280x280@2x.jpg 560w\" sizes=\"(max-width: 300px) 100vw, 300px\" \/><\/a>\n\t\t\t<\/dt><\/dl><dl class='gallery-item'>\n\t\t\t<dt class='gallery-icon portrait'>\n\t\t\t\t<a class=\"fresco\" data-fresco-group=\"\" href='https:\/\/freszgallery.pl\/en\/wp-content\/uploads\/2015\/04\/DSC_0253_.jpg'><img width=\"300\" height=\"300\" src=\"https:\/\/freszgallery.pl\/en\/wp-content\/uploads\/2015\/04\/DSC_0253_-300x300.jpg\" class=\"attachment-thumbnail size-thumbnail\" alt=\"\" loading=\"lazy\" srcset=\"https:\/\/freszgallery.pl\/en\/wp-content\/uploads\/2015\/04\/DSC_0253_-300x300.jpg 300w, https:\/\/freszgallery.pl\/en\/wp-content\/uploads\/2015\/04\/DSC_0253_-100x100.jpg 100w, https:\/\/freszgallery.pl\/en\/wp-content\/uploads\/2015\/04\/DSC_0253_-190x190.jpg 190w, https:\/\/freszgallery.pl\/en\/wp-content\/uploads\/2015\/04\/DSC_0253_-140x140.jpg 140w, https:\/\/freszgallery.pl\/en\/wp-content\/uploads\/2015\/04\/DSC_0253_-300x300@2x.jpg 600w, https:\/\/freszgallery.pl\/en\/wp-content\/uploads\/2015\/04\/DSC_0253_-190x190@2x.jpg 380w, https:\/\/freszgallery.pl\/en\/wp-content\/uploads\/2015\/04\/DSC_0253_-140x140@2x.jpg 280w, https:\/\/freszgallery.pl\/en\/wp-content\/uploads\/2015\/04\/DSC_0253_-380x380@2x.jpg 760w, https:\/\/freszgallery.pl\/en\/wp-content\/uploads\/2015\/04\/DSC_0253_-280x280@2x.jpg 560w\" sizes=\"(max-width: 300px) 100vw, 300px\" \/><\/a>\n\t\t\t<\/dt><\/dl><dl class='gallery-item'>\n\t\t\t<dt class='gallery-icon landscape'>\n\t\t\t\t<a class=\"fresco\" data-fresco-group=\"\" href='https:\/\/freszgallery.pl\/en\/wp-content\/uploads\/2015\/04\/DSC_0254_.jpg'><img width=\"300\" height=\"300\" src=\"https:\/\/freszgallery.pl\/en\/wp-content\/uploads\/2015\/04\/DSC_0254_-300x300.jpg\" class=\"attachment-thumbnail size-thumbnail\" alt=\"\" loading=\"lazy\" srcset=\"https:\/\/freszgallery.pl\/en\/wp-content\/uploads\/2015\/04\/DSC_0254_-300x300.jpg 300w, https:\/\/freszgallery.pl\/en\/wp-content\/uploads\/2015\/04\/DSC_0254_-100x100.jpg 100w, https:\/\/freszgallery.pl\/en\/wp-content\/uploads\/2015\/04\/DSC_0254_-190x190.jpg 190w, https:\/\/freszgallery.pl\/en\/wp-content\/uploads\/2015\/04\/DSC_0254_-140x140.jpg 140w, https:\/\/freszgallery.pl\/en\/wp-content\/uploads\/2015\/04\/DSC_0254_-300x300@2x.jpg 600w, https:\/\/freszgallery.pl\/en\/wp-content\/uploads\/2015\/04\/DSC_0254_-190x190@2x.jpg 380w, https:\/\/freszgallery.pl\/en\/wp-content\/uploads\/2015\/04\/DSC_0254_-140x140@2x.jpg 280w, https:\/\/freszgallery.pl\/en\/wp-content\/uploads\/2015\/04\/DSC_0254_-380x380@2x.jpg 760w, https:\/\/freszgallery.pl\/en\/wp-content\/uploads\/2015\/04\/DSC_0254_-280x280@2x.jpg 560w\" sizes=\"(max-width: 300px) 100vw, 300px\" \/><\/a>\n\t\t\t<\/dt><\/dl><br style=\"clear: both\" \/><dl class='gallery-item'>\n\t\t\t<dt class='gallery-icon landscape'>\n\t\t\t\t<a class=\"fresco\" data-fresco-group=\"\" href='https:\/\/freszgallery.pl\/en\/wp-content\/uploads\/2015\/04\/DSC_0267_.jpg'><img width=\"300\" height=\"300\" src=\"https:\/\/freszgallery.pl\/en\/wp-content\/uploads\/2015\/04\/DSC_0267_-300x300.jpg\" class=\"attachment-thumbnail size-thumbnail\" alt=\"\" loading=\"lazy\" srcset=\"https:\/\/freszgallery.pl\/en\/wp-content\/uploads\/2015\/04\/DSC_0267_-300x300.jpg 300w, https:\/\/freszgallery.pl\/en\/wp-content\/uploads\/2015\/04\/DSC_0267_-100x100.jpg 100w, https:\/\/freszgallery.pl\/en\/wp-content\/uploads\/2015\/04\/DSC_0267_-190x190.jpg 190w, https:\/\/freszgallery.pl\/en\/wp-content\/uploads\/2015\/04\/DSC_0267_-140x140.jpg 140w, https:\/\/freszgallery.pl\/en\/wp-content\/uploads\/2015\/04\/DSC_0267_-300x300@2x.jpg 600w, https:\/\/freszgallery.pl\/en\/wp-content\/uploads\/2015\/04\/DSC_0267_-190x190@2x.jpg 380w, https:\/\/freszgallery.pl\/en\/wp-content\/uploads\/2015\/04\/DSC_0267_-140x140@2x.jpg 280w, https:\/\/freszgallery.pl\/en\/wp-content\/uploads\/2015\/04\/DSC_0267_-380x380@2x.jpg 760w, https:\/\/freszgallery.pl\/en\/wp-content\/uploads\/2015\/04\/DSC_0267_-280x280@2x.jpg 560w\" sizes=\"(max-width: 300px) 100vw, 300px\" \/><\/a>\n\t\t\t<\/dt><\/dl><dl class='gallery-item'>\n\t\t\t<dt class='gallery-icon landscape'>\n\t\t\t\t<a class=\"fresco\" data-fresco-group=\"\" href='https:\/\/freszgallery.pl\/en\/wp-content\/uploads\/2015\/04\/DSC_4111_.jpg'><img width=\"300\" height=\"300\" src=\"https:\/\/freszgallery.pl\/en\/wp-content\/uploads\/2015\/04\/DSC_4111_-300x300.jpg\" class=\"attachment-thumbnail size-thumbnail\" alt=\"\" loading=\"lazy\" srcset=\"https:\/\/freszgallery.pl\/en\/wp-content\/uploads\/2015\/04\/DSC_4111_-300x300.jpg 300w, https:\/\/freszgallery.pl\/en\/wp-content\/uploads\/2015\/04\/DSC_4111_-100x100.jpg 100w, https:\/\/freszgallery.pl\/en\/wp-content\/uploads\/2015\/04\/DSC_4111_-190x190.jpg 190w, https:\/\/freszgallery.pl\/en\/wp-content\/uploads\/2015\/04\/DSC_4111_-140x140.jpg 140w, https:\/\/freszgallery.pl\/en\/wp-content\/uploads\/2015\/04\/DSC_4111_-190x190@2x.jpg 380w, https:\/\/freszgallery.pl\/en\/wp-content\/uploads\/2015\/04\/DSC_4111_-140x140@2x.jpg 280w\" sizes=\"(max-width: 300px) 100vw, 300px\" \/><\/a>\n\t\t\t<\/dt><\/dl><dl class='gallery-item'>\n\t\t\t<dt class='gallery-icon portrait'>\n\t\t\t\t<a class=\"fresco\" data-fresco-group=\"\" href='https:\/\/freszgallery.pl\/en\/wp-content\/uploads\/2015\/04\/DSC_4133_.jpg'><img width=\"300\" height=\"300\" src=\"https:\/\/freszgallery.pl\/en\/wp-content\/uploads\/2015\/04\/DSC_4133_-300x300.jpg\" class=\"attachment-thumbnail size-thumbnail\" alt=\"\" loading=\"lazy\" srcset=\"https:\/\/freszgallery.pl\/en\/wp-content\/uploads\/2015\/04\/DSC_4133_-300x300.jpg 300w, https:\/\/freszgallery.pl\/en\/wp-content\/uploads\/2015\/04\/DSC_4133_-100x100.jpg 100w, https:\/\/freszgallery.pl\/en\/wp-content\/uploads\/2015\/04\/DSC_4133_-190x190.jpg 190w, https:\/\/freszgallery.pl\/en\/wp-content\/uploads\/2015\/04\/DSC_4133_-140x140.jpg 140w, https:\/\/freszgallery.pl\/en\/wp-content\/uploads\/2015\/04\/DSC_4133_-300x300@2x.jpg 600w, https:\/\/freszgallery.pl\/en\/wp-content\/uploads\/2015\/04\/DSC_4133_-190x190@2x.jpg 380w, https:\/\/freszgallery.pl\/en\/wp-content\/uploads\/2015\/04\/DSC_4133_-140x140@2x.jpg 280w, https:\/\/freszgallery.pl\/en\/wp-content\/uploads\/2015\/04\/DSC_4133_-380x380@2x.jpg 760w, https:\/\/freszgallery.pl\/en\/wp-content\/uploads\/2015\/04\/DSC_4133_-280x280@2x.jpg 560w\" sizes=\"(max-width: 300px) 100vw, 300px\" \/><\/a>\n\t\t\t<\/dt><\/dl><dl class='gallery-item'>\n\t\t\t<dt class='gallery-icon portrait'>\n\t\t\t\t<a class=\"fresco\" data-fresco-group=\"\" href='https:\/\/freszgallery.pl\/en\/wp-content\/uploads\/2015\/04\/DSC_4135_.jpg'><img width=\"300\" height=\"300\" src=\"https:\/\/freszgallery.pl\/en\/wp-content\/uploads\/2015\/04\/DSC_4135_-300x300.jpg\" class=\"attachment-thumbnail size-thumbnail\" alt=\"\" loading=\"lazy\" srcset=\"https:\/\/freszgallery.pl\/en\/wp-content\/uploads\/2015\/04\/DSC_4135_-300x300.jpg 300w, https:\/\/freszgallery.pl\/en\/wp-content\/uploads\/2015\/04\/DSC_4135_-100x100.jpg 100w, https:\/\/freszgallery.pl\/en\/wp-content\/uploads\/2015\/04\/DSC_4135_-190x190.jpg 190w, https:\/\/freszgallery.pl\/en\/wp-content\/uploads\/2015\/04\/DSC_4135_-140x140.jpg 140w, https:\/\/freszgallery.pl\/en\/wp-content\/uploads\/2015\/04\/DSC_4135_-300x300@2x.jpg 600w, https:\/\/freszgallery.pl\/en\/wp-content\/uploads\/2015\/04\/DSC_4135_-190x190@2x.jpg 380w, https:\/\/freszgallery.pl\/en\/wp-content\/uploads\/2015\/04\/DSC_4135_-140x140@2x.jpg 280w, https:\/\/freszgallery.pl\/en\/wp-content\/uploads\/2015\/04\/DSC_4135_-380x380@2x.jpg 760w, https:\/\/freszgallery.pl\/en\/wp-content\/uploads\/2015\/04\/DSC_4135_-280x280@2x.jpg 560w\" sizes=\"(max-width: 300px) 100vw, 300px\" \/><\/a>\n\t\t\t<\/dt><\/dl><br style=\"clear: both\" \/><dl class='gallery-item'>\n\t\t\t<dt class='gallery-icon portrait'>\n\t\t\t\t<a class=\"fresco\" data-fresco-group=\"\" href='https:\/\/freszgallery.pl\/en\/wp-content\/uploads\/2015\/04\/DSC_4137_.jpg'><img width=\"300\" height=\"300\" src=\"https:\/\/freszgallery.pl\/en\/wp-content\/uploads\/2015\/04\/DSC_4137_-300x300.jpg\" class=\"attachment-thumbnail size-thumbnail\" alt=\"\" loading=\"lazy\" srcset=\"https:\/\/freszgallery.pl\/en\/wp-content\/uploads\/2015\/04\/DSC_4137_-300x300.jpg 300w, https:\/\/freszgallery.pl\/en\/wp-content\/uploads\/2015\/04\/DSC_4137_-100x100.jpg 100w, https:\/\/freszgallery.pl\/en\/wp-content\/uploads\/2015\/04\/DSC_4137_-190x190.jpg 190w, https:\/\/freszgallery.pl\/en\/wp-content\/uploads\/2015\/04\/DSC_4137_-140x140.jpg 140w, https:\/\/freszgallery.pl\/en\/wp-content\/uploads\/2015\/04\/DSC_4137_-300x300@2x.jpg 600w, https:\/\/freszgallery.pl\/en\/wp-content\/uploads\/2015\/04\/DSC_4137_-190x190@2x.jpg 380w, https:\/\/freszgallery.pl\/en\/wp-content\/uploads\/2015\/04\/DSC_4137_-140x140@2x.jpg 280w, https:\/\/freszgallery.pl\/en\/wp-content\/uploads\/2015\/04\/DSC_4137_-380x380@2x.jpg 760w, https:\/\/freszgallery.pl\/en\/wp-content\/uploads\/2015\/04\/DSC_4137_-280x280@2x.jpg 560w\" sizes=\"(max-width: 300px) 100vw, 300px\" \/><\/a>\n\t\t\t<\/dt><\/dl>\n\t\t\t<br style='clear: both' \/>\n\t\t<\/div>\n\n<p>&#8220;Przedplan &#8211; przestrze\u0144 poza granicami p\u0142\u00f3tna&#8221;, dzisiejsza ods\u0142ona malarstwa iluzjonistycznego.<br \/>\nMartyna Borowiecka zajmuje si\u0119 zagadnieniem malarstwa iluzjonistycznego, a w szczeg\u00f3lno\u015bci obraz\u00f3w okre\u015blanych mianem trompe l&#8217;oeil [w dos\u0142ownym znaczeniu &#8211; &#8220;\u0142udzi\u0107 oko&#8221;, polega na prowadzeniu gry z odbiorc\u0105, co jest realne, a co jedynie wyobra\u017ceniem rzeczy] . W jej malarstwie istotne jest zacieranie bariery jak\u0105 jest p\u0142aska powierzchnia p\u0142\u00f3tna. Ca\u0142\u0105 uwag\u0119 skupia na wyobra\u017ceniu motyw\u00f3w istniej\u0105cych poza materialnie rozumianym obrazem \u2013 artystka nazywa to \u201eprzedplanem\u201d, przestrzeni\u0105 poza granicami p\u0142\u00f3tna. Obrazy Martyny Borowieckiej oscyluj\u0105 pomi\u0119dzy \u015bwiatem realnym a z\u0142udzeniem, tym co wyobra\u017cone a tym co zmys\u0142owe.<br \/>\n\u201eProces odbioru dzie\u0142a zostaje zap\u0119tlony. Pierwsze spojrzenie uruchamia dzia\u0142anie iluzji, poddajemy si\u0119 z\u0142udzeniu. Nast\u0119pnie zag\u0142\u0119biaj\u0105c si\u0119 w obraz, pojmujemy, \u017ce przed sob\u0105 mamy jedynie malowid\u0142o. Konsekwentnie wychodzimy z wp\u0142ywu iluzji. Sami niedowierzamy na co patrzymy, nie ufamy zmys\u0142owi wzroku. Ponownie fikcja bierze nad nami przewag\u0119. Dopiero ch\u0119\u0107 poznania prawdy, zbadania obrazu poprzez dotyk, utwierdza odbiorc\u0119, \u017ce mamy do czynienia z iluzj\u0105 przeprowadzon\u0105 w dziele plastycznym.\u201d<\/p>\n","protected":false},"excerpt":{"rendered":"<p>&#8220;Przedplan &#8211; przestrze\u0144 poza granicami p\u0142\u00f3tna&#8221;, dzisiejsza ods\u0142ona malarstwa iluzjonistycznego. Martyna Borowiecka zajmuje si\u0119 zagadnieniem malarstwa iluzjonistycznego, a w szczeg\u00f3lno\u015bci obraz\u00f3w okre\u015blanych mianem trompe l&#8217;oeil [w dos\u0142ownym znaczeniu &#8211; &#8220;\u0142udzi\u0107 oko&#8221;, polega na prowadzeniu gry z odbiorc\u0105, co jest realne, a co jedynie wyobra\u017ceniem rzeczy] . W jej malarstwie istotne jest zacieranie bariery jak\u0105 jest <\/p>\n","protected":false},"author":2,"featured_media":0,"parent":1302,"menu_order":0,"comment_status":"open","ping_status":"open","template":"","meta":[],"aioseo_notices":[],"_links":{"self":[{"href":"https:\/\/freszgallery.pl\/en\/wp-json\/wp\/v2\/pages\/3686"}],"collection":[{"href":"https:\/\/freszgallery.pl\/en\/wp-json\/wp\/v2\/pages"}],"about":[{"href":"https:\/\/freszgallery.pl\/en\/wp-json\/wp\/v2\/types\/page"}],"author":[{"embeddable":true,"href":"https:\/\/freszgallery.pl\/en\/wp-json\/wp\/v2\/users\/2"}],"replies":[{"embeddable":true,"href":"https:\/\/freszgallery.pl\/en\/wp-json\/wp\/v2\/comments?post=3686"}],"version-history":[{"count":1,"href":"https:\/\/freszgallery.pl\/en\/wp-json\/wp\/v2\/pages\/3686\/revisions"}],"predecessor-version":[{"id":4400,"href":"https:\/\/freszgallery.pl\/en\/wp-json\/wp\/v2\/pages\/3686\/revisions\/4400"}],"up":[{"embeddable":true,"href":"https:\/\/freszgallery.pl\/en\/wp-json\/wp\/v2\/pages\/1302"}],"wp:attachment":[{"href":"https:\/\/freszgallery.pl\/en\/wp-json\/wp\/v2\/media?parent=3686"}],"curies":[{"name":"wp","href":"https:\/\/api.w.org\/{rel}","templated":true}]}}